{"id":111717,"date":"2016-08-04T11:58:40","date_gmt":"2016-08-04T09:58:40","guid":{"rendered":"https:\/\/admin.skatedeluxe.com\/blog\/de\/?page_id=111717"},"modified":"2019-03-10T18:49:01","modified_gmt":"2019-03-10T17:49:01","slug":"shockpads-riserpads","status":"publish","type":"page","link":"https:\/\/www.skatedeluxe.com\/blog\/de\/wiki\/skateboarding\/skateboard-wiki\/shockpads-riserpads\/","title":{"rendered":"Alles \u00fcber Shockpads &#038; Riserpads &#8211; Wiki"},"content":{"rendered":"<div class=\"post clearfix padding-bottom\">\r\n<div data-magellan-expedition=\"destination_threshold:85;\">\r\n<ul>\r\n    <li data-magellan-arrival=\"shockpads-allgemeines\"><a title=\"Springe zu Shockpads Allgemeines\" href=\"#shockpads-allgemeines\" target=\"_blank\"  rel=\"nofollow\" ><strong>1. Allgemeines<\/strong><\/a><\/li>\r\n    <li data-magellan-arrival=\"shockpads-wozu\"><a title=\"Springe zu: Wozu Shockpads?\" href=\"#shockpads-wozu\" target=\"_blank\"  rel=\"nofollow\" ><strong>2. Wozu Shockpads?<\/strong><\/a><\/li>\r\n    <li data-magellan-arrival=\"shockpads-schraubenlaenge\"><a title=\"Springe zu Shockpads - Schraubenl\u00e4nge\" href=\"#shockpads-schraubenlaenge\" target=\"_blank\"  rel=\"nofollow\" ><strong>3. Der richtige Montagesatz<\/strong><\/a><\/li>\r\n<\/ul>\r\n<\/div>\r\n<\/div>\r\n\r\n<div id=\"shockpads-allgemeines\" class=\"post clearfix padding-bottom\">\r\n    <div class=\"hide-for-small large-2 columns\">\r\n        <div class=\"date-day\">1<\/div>\r\n        <div class=\"date-month\">Shockpads: Allgemeines<\/div>\r\n    <\/div>\r\n\r\n    <div class=\"large-10 columns\">\r\n    <h2 class=\"margin-bottom\">1. Shockpads: Allgemeines<\/h2>\r\n\r\n\r\n        <div class=\"medium-6 columns\">\r\n            <div class=\"hide-for-small-only\">\r\n                <div class=\"flex-video\">\r\n                <iframe width=\"1280\" height=\"720\" data-src=\"https:\/\/www.youtube-nocookie.com\/embed\/UhQOhVGdueU?&amp;start=105\" frameborder=\"0\" allowfullscreen allow=\"autoplay; encrypted-media\"><\/iframe><noscript><iframe loading=\"lazy\" width=\"1280\" height=\"720\" src=\"https:\/\/www.youtube-nocookie.com\/embed\/UhQOhVGdueU?&amp;start=105\" frameborder=\"0\" allowfullscreen allow=\"autoplay; encrypted-media\"><\/iframe><\/noscript>\r\n                <\/div>\r\n                \r\n                <p align=\"center\">\r\n                <small>Keine Lust auf viel Text? Die wichtigsten Infos zu Shock- &#038; Riser Pads gibt&#8217;s auch im Video!<\/small>\r\n                <\/p>\r\n            <\/div>\r\n\r\n            <div class=\"show-for-small-only\">\r\n            <div class=\"small-8 small-offset-2 columns\">\r\n            <p align=\"center\">\r\n            <a href=\"https:\/\/www.youtube.com\/watch?v=UhQOhVGdueU&#038;t=105s\" title=\"skatedeluxe Buyer's Guide | Shock- &#038; Riser Pads\" target=\"blank\" target=\"_blank\"  rel=\"nofollow\" ><img decoding=\"async\" src=\"\/blog\/wp-content\/uploads\/2018\/02\/youtube-play-button-mobile-view-wiki-videos.jpg\" alt=\"skatedeluxe Buyer's Guide | Shock- &#038; Riser Pads\"><small>Keine Lust auf viel Text? Die wichtigsten Infos zu Shock- &#038; Riser Pads gibt&#8217;s auch im Video!<\/small><\/a>\r\n            <\/p>  \r\n            <\/div>\r\n            <\/div>\r\n        <\/div>\r\n            \r\n            <div class=\"medium-6 columns\">\r\n                <p align=\"justify\">\r\n                <a href=\"\/de\/shockpads-riserpads\" title=\"Shockpads &#038; Riserpads im skatedeluxe Online Skateshop\">Shockpads<\/a>, eingedeutscht auch manchmal Schockpads, sind rechteckige Unterlegscheiben, die zwischen den Achsen und deinem Deck platziert werden. \r\n                Shockpads sind dabei keine Komponenten, die du unbedingt ben\u00f6tigst, allerdings k\u00f6nnen sie f\u00fcr einige Probleme durchaus hilfreich sein. Hier erf\u00e4hrst, welche Vorteile Shock- und Riserpads haben k\u00f6nnen.\r\n                <\/p>\r\n\r\n                <p align=\"justify\">\r\n                Shockpads bestehen aus Polyurethan, also einer Art Plastik. Es gibt sowohl harte als auch weichere und biegsamere Ausf\u00fchrung.   \r\n                <\/p>    \r\n            <\/div>\r\n            <p align=\"justify\">\r\n                Zudem findest du bei Shockpads verschiedene H\u00f6hen. Normalerweise sind Shockpads 1\/8\u201c (ca. 3,2 mm) hoch.\r\n                Ab 1\/4&#8243; (ca. 6,4 mm) Shockpads spricht man von Riserpads. \r\n            <\/p>\r\n        <\/div>\r\n    <\/div>\r\n\r\n<div id=\"shockpads-wozu\" class=\"post clearfix padding-bottom\">\r\n    <div class=\"hide-for-small large-2 columns\">\r\n        <div class=\"date-day\">2<\/div>\r\n        <div class=\"date-month\">Wozu Shockpads beim Skateboard?<\/div>\r\n    <\/div>\r\n\r\n    <div class=\"large-10 columns\">\r\n    <h2 class=\"margin-bottom\">2. Wozu braucht man Shockpads?<\/h2>\r\n\r\n<blockquote>        <strong>Kurzfassung f\u00fcr die Lesefaulen:<\/strong> Shockpads d\u00e4mpfen die Vibrationen beim Rollen und entlasten das Deck bei Ersch\u00fctterungen. Zudem erh\u00f6hen sie den Abstand zwischen deinem Deck und den Rollen, wodurch sie Wheelbites vorbeugen.\r\n<\/blockquote>\r\n\r\n    <p align=\"justify\">\r\n    Prinzipiell haben Shockpads mehrere Funktionen. Zum einen d\u00e4mpfen sie Vibrationen beim Rollen und zum anderen sch\u00fctzen sie das Deck bei Ersch\u00fctterung. Weiterhin erh\u00f6hen sie den Abstand zwischen dem Deck und den Rollen, was daf\u00fcr sorgt, dass sich Deck und Rollen nicht ber\u00fchren. Zudem gibt es auch sogenannte <em>Angled Riserpads<\/em>, die den Winkel deiner Achse ver\u00e4ndern.   \r\n    <\/p>\r\n\r\n    <p align=\"center\">\r\n        <a href=\"\/de\/shockpads-riserpads\" title=\"Skateboard Shockpads bei skatedeluxe\"><img decoding=\"async\" src=\"data:image\/gif;base64,R0lGODlhAQABAIAAAAAAAP\/\/\/yH5BAEAAAAALAAAAAABAAEAAAIBRAA7\" data-src=\"\/blog\/wp-content\/uploads\/2016\/06\/skateboard-shockpads.jpg\" alt=\"Skateboard Shockpads\" \/><noscript><img decoding=\"async\" src=\"\/blog\/wp-content\/uploads\/2016\/06\/skateboard-shockpads.jpg\" alt=\"Skateboard Shockpads\" \/><\/noscript><\/a>\r\n    <\/p>\r\n      \r\n    <h3>Shockpads zur D\u00e4mpfung<\/h3>\r\n\r\n    <p align=\"justify\">\r\n    Je rauer und unregelm\u00e4\u00dfiger der Untergrund ist auf dem du skatest, desto mehr Vibrationen werden \u00fcber deine Achsen an das Deck \u00fcbertragen. Dies liegt daran, dass der <a href=\"\/blog\/de\/wiki\/skateboarding\/skateboard-wiki\/achsen-trucks\/\" title=\"Hier erf\u00e4hrst du, was der Achshanger ist - skatedeluxe Wiki - Skateboard Achsen\">Achshanger<\/a> nicht fest in der Basisplatte sitzt und somit bei rauem Untergrund dauerhaft in Bewegung ist. Dies erzeugt eine Art R\u00fctteln, was sich auf das Deck und schlie\u00dflich auf deine F\u00fc\u00dfe und Unterschenkel \u00fcbertr\u00e4gt.\r\n    <\/p>\r\n\r\n    <p align=\"justify\">\r\n    Genau an diesem Punkt kommen die Shockpads ins Spiel. Die Kunststoff-Pads nehmen einen Teil der entstehenden Vibrationen auf und d\u00e4mpfen somit. \r\n    <\/p>\r\n\r\n    <p align=\"justify\">\r\n    Weiterhin vermindern Shockpads die Gefahr, dass dein Deck bricht. Der Bereich des Decks an dem die Achsen montiert sind, gilt als der empfindlichste Bereich des Decks. Bei der Landung von Tricks wird die gesamte Aufprall-Energie von der Achse auf das Deck \u00fcbertragen, wodurch es mit der Zeit brechen k\u00f6nnte.\r\n    <\/p>\r\n    \r\n    <p align=\"justify\">\r\n    Shockpads vermindern dabei die Kr\u00e4fte, die von den Achsen auf das Deck \u00fcbertragen werden und beugen somit Br\u00fcchen oder Splitterungen (sog. <em>Pressure Cracks<\/em>) vor.\r\n    <\/p>\r\n    \r\n    <h3>Shockpads &#038; Riserpads um Wheelbites zu vermeiden<\/h3> \r\n    \r\n    <p align=\"justify\">\r\n    Als <em>Wheelbite<\/em> bezeichnet man das Ber\u00fchren von Rolle und Deck. Falls du mit gro\u00dfen Rollen unterwegs bist, ist der Abstand zwischen diesen und dem Skateboard Deck geringer. Beim harten Einlenken und dem Landen von Tricks kann es dann zur unsch\u00f6nen Ber\u00fchrung von Deck und Rolle kommen. Die Rolle blockiert dabei, was ein abruptes Stoppen zur Folge hat. \r\n    <\/p>\r\n    \r\n    <p align=\"justify\">\r\n    Durch das Benutzen von Pads erh\u00f6hst du den Abstand zwischen deinem Deck und den Rollen, was gegen die leidigen Wheelbites vorbeugt. W\u00e4hrend du bei standardm\u00e4\u00dfigen <strong>Skateboard Rollen mit einem Durchmesser bis 54 mm keine Shockpads <\/strong>ben\u00f6tigst, solltest du bei gr\u00f6\u00dferen Rollen oder bei sehr weicher Lenkung lieber Shockpads montieren.\r\n    <\/p>\r\n\r\n    \r\n    <h3>Angled Riserpads<\/h3> \r\n    \r\n    <p align=\"justify\">\r\n    Bei den <a href=\"\/de\/shockpads-riserpads\" title=\"zu den Shock- und Riserpads bei skatedeluxe\">Shockpads im skatedeluxe Online Skateshop<\/a> findest du zudem angewinkelte Pads. Hierbei spricht man von sogenannten <em><a href=\"\/de\/shockpads-riserpads?&#038;value[80][]=408\" title=\"angewinkelte Riserpads bei skatedeluxe\">Angled Riserpads.<\/a><\/em> Diese Riserpads kommen allerdings haupts\u00e4chlich bei Longboards und Cruisern zum Einsatz. Sie ver\u00e4ndern den Winkel, mit dem deine Achse an das Deck montiert ist und somit auch das Lenkverhalten der Achse. Mehr dazu erf\u00e4hrst du <a href=\"\/blog\/de\/alles-uber-boards\/longboarding\/longboard-wissen-longboarding-wiki\/#riserpads\" title=\"zum skatedeluxe Longboard Wissen\" target=\"blank\">in unserem Longboard Bereich.<\/a> \r\n    <\/p>\r\n    \r\n<div class=\"e-content columns\">\r\n            <div class=\"e-content small-12 medium-6 medium-offset-2 columns left\">\r\n            <img decoding=\"async\" src=\"\/blog\/wp-content\/uploads\/2016\/06\/skateboard-shockpads-riserpads-angled.svg\" alt=\"Shockpads, Riserpads, Angled Riserpads\">\r\n            <\/div>\r\n            \r\n            <div class=\"e-content small-12 medium-4 columns left\">\r\n            <em>\r\n                        <br><br>\r\n                1. Standard Shockpad\/Riserpad <br>\r\n            2. Angled Riserpad<br>\r\n            <\/em>\r\n            <\/div>\r\n        <\/div>\r\n\r\n\r\n    <\/div>\r\n<\/div>\r\n\r\n<div id=\"shockpads-schraubenlaenge\" class=\"post clearfix padding-bottom\">\r\n    <div class=\"hide-for-small large-2 columns\">\r\n        <div class=\"date-day\">3<\/div>\r\n        <div class=\"date-month\">Shockpads: Der richtige Montagesatz<\/div>\r\n    <\/div>\r\n\r\n    <div class=\"large-10 columns\">\r\n    <h2 class=\"margin-bottom\">3. Der richtige Montagesatz beim Benutzen von Shock- und Riserpads<\/h3>\r\n\r\n    \r\n    <p align=\"justify\">\r\n    Falls du mit Shockpads oder Riserpads unterwegs bist, solltest du darauf achten, dass die Schrauben des Montagesatzes die entsprechende L\u00e4nge haben. Ab einer Shockpadh\u00f6he von 1\/8\u2033 empfehlen wir dir 1\u2033 Montages\u00e4tze zu verwenden. Je h\u00f6her du deine Shockpads w\u00e4hlst, desto l\u00e4nger sollte du auch dein Montagesatz sein.\r\n    <\/p>\r\n\r\n        <p>\r\n    <table>\r\n    \r\n        <thead>\r\n            <tr>\r\n            <th>Setup<\/th>\r\n            <th>Schraubenl\u00e4nge<\/th>\r\n            <\/tr>\r\n        <\/thead>\r\n        \r\n        <tbody>\r\n            <tr>\r\n                <td>ohne Shockpads<\/td>\r\n                <td>7\/8\u201c \u2013 1\u201c Schrauben<\/td>\r\n            <\/tr>\r\n            \r\n            <tr>\r\n                <td>1\/8\u201c Shockpads<\/td>\r\n                <td>1\u201c \u2013 1 1\/8\u201c Schrauben<\/td>\r\n            <\/tr>\r\n            \r\n            <tr>\r\n                <td>1\/4\u201c Riserpads<\/td>\r\n                <td>1 1\/4&#8243; Schrauben<\/td>\r\n            <\/tr>\r\n            \r\n            <tr>\r\n                <td>1\/2\u201c Riserpads<\/td>\r\n                <td>1 1\/2&#8243; Schrauben<\/td>\r\n            <\/tr>\r\n            \r\n        <\/tbody>\r\n    \r\n    <\/table>\r\n    <\/p>\r\n                \r\n    <p align=\"justify\">\r\n    Wie du die Shock- und Riserpads montierst, erf\u00e4hrst du in unserer <a href=\"\/blog\/de\/wiki\/skateboarding\/skateboard-montage-anleitung\/\" title=\"Skateboard einfach zusammenbauen - skatedeluxe Montageanleitung\">Skateboard Montage Anleitung.<\/a>\r\n    <\/p>\r\n\r\n    <a class=\"button-auto\" href=\"\/de\/shockpads-riserpads\" title=\"Skateboard Shockpads online kaufen\">zu den Shockpads &#038; Riserpads im skatedeluxe Skateshop<\/a>\r\n    &nbsp;\r\n    <a class=\"button-auto\" href=\"\/blog\/de\/wiki\/skateboarding\/\" title=\"Skateboard Wissen Kompakt - skatedeluxe Skateboard Wiki\">Du willst mehr Wissen? Zum skatedeluxe Skateboard Wiki<\/a>\r\n                    \r\n\r\n    <\/div>\r\n<\/div><div class=\"ShariffSC\" style=\"shariff-shop\"><div class=\"shariff\" data-url=\"https:\/\/www.skatedeluxe.com\/blog\/de\/wiki\/skateboarding\/skateboard-wiki\/shockpads-riserpads\/\" data-title=\"Alles \u00fcber Shockpads &#038; Riserpads &#8211; Wiki\" data-services='[\"facebooklike\", \"facebook\"]' data-backend-url='\/shariff\/'><\/div><\/div>","protected":false},"excerpt":{"rendered":"<p>1. Allgemeines 2. Wozu Shockpads? 3. Der richtige Montagesatz 1 Shockpads: Allgemeines 1. Shockpads: Allgemeines Keine Lust auf viel Text? Die wichtigsten Infos zu Shock- &#038; Riser Pads gibt&#8217;s auch im Video! Keine Lust auf viel Text? Die wichtigsten Infos zu Shock- &#038; Riser Pads gibt&#8217;s auch im Video! Shockpads, eingedeutscht auch manchmal Schockpads, sind <a class=\"read-more\" href=\"https:\/\/www.skatedeluxe.com\/blog\/de\/wiki\/skateboarding\/skateboard-wiki\/shockpads-riserpads\/\">[&#8230;]<\/a><\/p>\n","protected":false},"author":24,"featured_media":132885,"parent":111722,"menu_order":7,"comment_status":"closed","ping_status":"closed","template":"page-templates\/teasing-page.php","meta":{"footnotes":""},"class_list":["post-111717","page","type-page","status-publish","has-post-thumbnail","hentry"],"aioseo_notices":[],"amp_enabled":false,"_links":{"self":[{"href":"https:\/\/www.skatedeluxe.com\/blog\/de\/wp-json\/wp\/v2\/pages\/111717","targetHints":{"allow":["GET"]}}],"collection":[{"href":"https:\/\/www.skatedeluxe.com\/blog\/de\/wp-json\/wp\/v2\/pages"}],"about":[{"href":"https:\/\/www.skatedeluxe.com\/blog\/de\/wp-json\/wp\/v2\/types\/page"}],"author":[{"embeddable":true,"href":"https:\/\/www.skatedeluxe.com\/blog\/de\/wp-json\/wp\/v2\/users\/24"}],"replies":[{"embeddable":true,"href":"https:\/\/www.skatedeluxe.com\/blog\/de\/wp-json\/wp\/v2\/comments?post=111717"}],"version-history":[{"count":22,"href":"https:\/\/www.skatedeluxe.com\/blog\/de\/wp-json\/wp\/v2\/pages\/111717\/revisions"}],"predecessor-version":[{"id":147736,"href":"https:\/\/www.skatedeluxe.com\/blog\/de\/wp-json\/wp\/v2\/pages\/111717\/revisions\/147736"}],"up":[{"embeddable":true,"href":"https:\/\/www.skatedeluxe.com\/blog\/de\/wp-json\/wp\/v2\/pages\/111722"}],"wp:featuredmedia":[{"embeddable":true,"href":"https:\/\/www.skatedeluxe.com\/blog\/de\/wp-json\/wp\/v2\/media\/132885"}],"wp:attachment":[{"href":"https:\/\/www.skatedeluxe.com\/blog\/de\/wp-json\/wp\/v2\/media?parent=111717"}],"curies":[{"name":"wp","href":"https:\/\/api.w.org\/{rel}","templated":true}]}}