{"id":21535,"date":"2013-06-05T14:41:03","date_gmt":"2013-06-05T12:41:03","guid":{"rendered":"http:\/\/www.skatedeluxe.de\/blog\/?page_id=21535"},"modified":"2018-05-09T11:40:13","modified_gmt":"2018-05-09T09:40:13","slug":"how-to-bs-tailslide","status":"publish","type":"page","link":"https:\/\/www.skatedeluxe.com\/blog\/de\/trick-tipps\/skateboard\/curb-rail\/how-to-bs-tailslide\/","title":{"rendered":"BS Tailslide &#8211; Skateboard Trick Tipp"},"content":{"rendered":"<div class=\"post clearfix padding-bottom\">\r\n\t<div id=\"decks-allgemeines\" class=\"hide-for-small large-2 columns\">\r\n\t\t<div class=\"date-day\">Trick Tipp<\/div>\r\n\t\t<div class=\"date-month\">BS Tailslide<\/div>\r\n\t<\/div>\r\n\r\n\t<div class=\"large-10 columns\">\r\n\t\r\n\t\t<p>\r\n\t\tDen Backside 180 Ollie hast du sicher drin? Dann kannst du dich jetzt an den Backside Tailslide wagen, einem der stylischsten Tricks im Skateboarding.<\/p><p> Backside bezieht sich hierbei auf die Position des Obstacles, das sich in diesem Fall hinter dir befindet. Ein guter BS Tailslide macht nicht nur extrem viel Spa\u00df, sondern sichert dir auch den Respekt deiner Freunde.\r\n\t\t<\/p>\r\n\t\r\n\t\t<p>\r\n\t\tHier erf\u00e4hrst du, wie der BS Tailslide funktioniert.\r\n\t\t<\/p>\r\n\t\t\r\n\t<\/div>\r\n<\/div>\r\n\r\n<!-- .Ende des Einleitungsbereichs -->\r\n\r\n<div class=\"post clearfix padding-bottom\">\r\n\t<div id=\"decks-allgemeines\" class=\"hide-for-small large-2 columns\">\r\n\t\t<div class=\"date-day\">BS Tailslide<\/div>\r\n\t\t<div class=\"date-month\">Video<\/div>\r\n\t<\/div>\r\n \r\n\t<div class=\"large-10 columns\">\r\n\t\r\n\t\t<h2 class=\"margin-top margin-bottom\" align=\"center\">Trick Tipp Video: BS Tailslide<\/h2>\r\n\t\t\r\n\t\t<div class=\"medium-12 small-12 columns\">\r\n\t\t<div class=\"medium-10 columns medium-centered medium-offset-1 columns margin-bottom\">\r\n\r\n\t\t<div class=\"flex-video\">\r\n\t\t\t<iframe width=\"1280\" height=\"720\" data-src=\"https:\/\/www.youtube-nocookie.com\/embed\/OGnX1qeH-y0?showinfo=0\" frameborder=\"0\" allowfullscreen allow=\"autoplay; encrypted-media\"><\/iframe><noscript><iframe loading=\"lazy\" width=\"1280\" height=\"720\" src=\"https:\/\/www.youtube-nocookie.com\/embed\/OGnX1qeH-y0?showinfo=0\" frameborder=\"0\" allowfullscreen allow=\"autoplay; encrypted-media\"><\/iframe><\/noscript>\r\n\t\t<\/div>\r\n\t\t\t<div class=\"ShariffSC\" style=\"shariff-shop\"><div class=\"shariff\" data-url=\"https:\/\/www.skatedeluxe.com\/blog\/de\/trick-tipps\/skateboard\/curb-rail\/how-to-bs-tailslide\/\" data-title=\"BS Tailslide &#8211; Skateboard Trick Tipp\" data-services='[\"facebooklike\", \"facebook\"]' data-backend-url='\/shariff\/'><\/div><\/div> <!-- .Social Leiste unterhalb des Videos -->\r\n\t\t<\/div>\r\n\t\t<\/div>\r\n\t\t\r\n\t<\/div>\r\n<\/div>\r\n\r\n<!-- .Ende des Videobereichs -->\r\n\r\n<div class=\"post clearfix padding-bottom\">\r\n\t<div id=\"decks-allgemeines\" class=\"hide-for-small large-2 columns\">\r\n\t\t<div class=\"date-day\">BS Tailslide<\/div>\r\n\t\t<div class=\"date-month\">Sequenz<\/div>\r\n\t<\/div>\r\n\r\n\t<div class=\"large-10 columns\">\r\n\t\r\n\t\t<h2 class=\"margin-top margin-bottom\" align=\"center\">Trick Tipp Sequenz: BS Tailslide<\/h2>\r\n\t\t\r\n\t\t<div class=\"medium-12 small-12 columns\">\r\n\t\t<div class=\"medium-10 columns medium-centered medium-offset-1 columns margin-bottom\">\r\n\t\t<div id=\"metaslider-id-118900\" style=\"max-width: 999px; margin: 0 auto;\" class=\"ml-slider-3-98-0 ml-slider-pro-2-6-6 metaslider metaslider-nivo metaslider-118900 ml-slider ms-theme-_theme_1463567531\" role=\"region\" aria-roledescription=\"Slideshow\" aria-label=\"BS Tailslide - Trick Tip\" data-width=\"999\">\n    <div id=\"metaslider_container_118900\">\n        <div class='slider-wrapper theme-default'><div class='ribbon'><\/div><div id='metaslider_118900' class='nivoSlider'><img loading=\"lazy\" decoding=\"async\" width=\"999\" height=\"666\" src=\"\/blog\/wp-content\/uploads\/2016\/09\/trick-tip-bs-tailslide-1.jpg\" class=\"slider-118900 slide-118844\" alt=\"Skateboard Trick BS Tailslide\" data-caption=\"\" data-thumb=\"\" title=\"Skateboard Trick BS Tailslide\" rel=\"\" srcset=\"\/blog\/wp-content\/uploads\/2016\/09\/trick-tip-bs-tailslide-1.jpg 999w, \/blog\/wp-content\/uploads\/2016\/09\/trick-tip-bs-tailslide-1-600x400.jpg 600w, \/blog\/wp-content\/uploads\/2016\/09\/trick-tip-bs-tailslide-1-768x512.jpg 768w\" sizes=\"auto, (max-width: 999px) 100vw, 999px\" \/><img loading=\"lazy\" decoding=\"async\" width=\"999\" height=\"666\" src=\"\/blog\/wp-content\/uploads\/2016\/09\/trick-tip-bs-tailslide-2.jpg\" class=\"slider-118900 slide-118848\" alt=\"Skateboard Trick BS Tailslide\" data-caption=\"\" data-thumb=\"\" title=\"Skateboard Trick BS Tailslide\" rel=\"\" srcset=\"\/blog\/wp-content\/uploads\/2016\/09\/trick-tip-bs-tailslide-2.jpg 999w, \/blog\/wp-content\/uploads\/2016\/09\/trick-tip-bs-tailslide-2-600x400.jpg 600w, \/blog\/wp-content\/uploads\/2016\/09\/trick-tip-bs-tailslide-2-768x512.jpg 768w\" sizes=\"auto, (max-width: 999px) 100vw, 999px\" \/><img loading=\"lazy\" decoding=\"async\" width=\"999\" height=\"666\" src=\"\/blog\/wp-content\/uploads\/2016\/09\/trick-tip-bs-tailslide-3.jpg\" class=\"slider-118900 slide-118852\" alt=\"Skateboard Trick BS Tailslide\" data-caption=\"\" data-thumb=\"\" title=\"Skateboard Trick BS Tailslide\" rel=\"\" srcset=\"\/blog\/wp-content\/uploads\/2016\/09\/trick-tip-bs-tailslide-3.jpg 999w, \/blog\/wp-content\/uploads\/2016\/09\/trick-tip-bs-tailslide-3-600x400.jpg 600w, \/blog\/wp-content\/uploads\/2016\/09\/trick-tip-bs-tailslide-3-768x512.jpg 768w\" sizes=\"auto, (max-width: 999px) 100vw, 999px\" \/><img loading=\"lazy\" decoding=\"async\" width=\"999\" height=\"666\" src=\"\/blog\/wp-content\/uploads\/2016\/09\/trick-tip-bs-tailslide-4.jpg\" class=\"slider-118900 slide-118856\" alt=\"Skateboard Trick BS Tailslide\" data-caption=\"\" data-thumb=\"\" title=\"Skateboard Trick BS Tailslide\" rel=\"\" srcset=\"\/blog\/wp-content\/uploads\/2016\/09\/trick-tip-bs-tailslide-4.jpg 999w, \/blog\/wp-content\/uploads\/2016\/09\/trick-tip-bs-tailslide-4-600x400.jpg 600w, \/blog\/wp-content\/uploads\/2016\/09\/trick-tip-bs-tailslide-4-768x512.jpg 768w\" sizes=\"auto, (max-width: 999px) 100vw, 999px\" \/><img loading=\"lazy\" decoding=\"async\" width=\"999\" height=\"666\" src=\"\/blog\/wp-content\/uploads\/2016\/09\/trick-tip-bs-tailslide-5.jpg\" class=\"slider-118900 slide-118860\" alt=\"Skateboard Trick BS Tailslide\" data-caption=\"\" data-thumb=\"\" title=\"Skateboard Trick BS Tailslide\" rel=\"\" srcset=\"\/blog\/wp-content\/uploads\/2016\/09\/trick-tip-bs-tailslide-5.jpg 999w, \/blog\/wp-content\/uploads\/2016\/09\/trick-tip-bs-tailslide-5-600x400.jpg 600w, \/blog\/wp-content\/uploads\/2016\/09\/trick-tip-bs-tailslide-5-768x512.jpg 768w\" sizes=\"auto, (max-width: 999px) 100vw, 999px\" \/><img loading=\"lazy\" decoding=\"async\" width=\"999\" height=\"666\" src=\"\/blog\/wp-content\/uploads\/2016\/09\/trick-tip-bs-tailslide-6.jpg\" class=\"slider-118900 slide-118864\" alt=\"Skateboard Trick BS Tailslide\" data-caption=\"\" data-thumb=\"\" title=\"Skateboard Trick BS Tailslide\" rel=\"\" srcset=\"\/blog\/wp-content\/uploads\/2016\/09\/trick-tip-bs-tailslide-6.jpg 999w, \/blog\/wp-content\/uploads\/2016\/09\/trick-tip-bs-tailslide-6-600x400.jpg 600w, \/blog\/wp-content\/uploads\/2016\/09\/trick-tip-bs-tailslide-6-768x512.jpg 768w\" sizes=\"auto, (max-width: 999px) 100vw, 999px\" \/><img loading=\"lazy\" decoding=\"async\" width=\"999\" height=\"666\" src=\"\/blog\/wp-content\/uploads\/2016\/09\/trick-tip-bs-tailslide-7.jpg\" class=\"slider-118900 slide-118868\" alt=\"Skateboard Trick BS Tailslide\" data-caption=\"\" data-thumb=\"\" title=\"Skateboard Trick BS Tailslide\" rel=\"\" srcset=\"\/blog\/wp-content\/uploads\/2016\/09\/trick-tip-bs-tailslide-7.jpg 999w, \/blog\/wp-content\/uploads\/2016\/09\/trick-tip-bs-tailslide-7-600x400.jpg 600w, \/blog\/wp-content\/uploads\/2016\/09\/trick-tip-bs-tailslide-7-768x512.jpg 768w\" sizes=\"auto, (max-width: 999px) 100vw, 999px\" \/><img loading=\"lazy\" decoding=\"async\" width=\"999\" height=\"666\" src=\"\/blog\/wp-content\/uploads\/2016\/09\/trick-tip-bs-tailslide-8.jpg\" class=\"slider-118900 slide-118872\" alt=\"Skateboard Trick BS Tailslide\" data-caption=\"\" data-thumb=\"\" title=\"Skateboard Trick BS Tailslide\" rel=\"\" srcset=\"\/blog\/wp-content\/uploads\/2016\/09\/trick-tip-bs-tailslide-8.jpg 999w, \/blog\/wp-content\/uploads\/2016\/09\/trick-tip-bs-tailslide-8-600x400.jpg 600w, \/blog\/wp-content\/uploads\/2016\/09\/trick-tip-bs-tailslide-8-768x512.jpg 768w\" sizes=\"auto, (max-width: 999px) 100vw, 999px\" \/><img loading=\"lazy\" decoding=\"async\" width=\"999\" height=\"666\" src=\"\/blog\/wp-content\/uploads\/2016\/09\/trick-tip-bs-tailslide-9.jpg\" class=\"slider-118900 slide-118876\" alt=\"Skateboard Trick BS Tailslide\" data-caption=\"\" data-thumb=\"\" title=\"Skateboard Trick BS Tailslide\" rel=\"\" srcset=\"\/blog\/wp-content\/uploads\/2016\/09\/trick-tip-bs-tailslide-9.jpg 999w, \/blog\/wp-content\/uploads\/2016\/09\/trick-tip-bs-tailslide-9-600x400.jpg 600w, \/blog\/wp-content\/uploads\/2016\/09\/trick-tip-bs-tailslide-9-768x512.jpg 768w\" sizes=\"auto, (max-width: 999px) 100vw, 999px\" \/><img loading=\"lazy\" decoding=\"async\" width=\"999\" height=\"666\" src=\"\/blog\/wp-content\/uploads\/2016\/09\/trick-tip-bs-tailslide-10.jpg\" class=\"slider-118900 slide-118880\" alt=\"Skateboard Trick BS Tailslide\" data-caption=\"\" data-thumb=\"\" title=\"Skateboard Trick BS Tailslide\" rel=\"\" srcset=\"\/blog\/wp-content\/uploads\/2016\/09\/trick-tip-bs-tailslide-10.jpg 999w, \/blog\/wp-content\/uploads\/2016\/09\/trick-tip-bs-tailslide-10-600x400.jpg 600w, \/blog\/wp-content\/uploads\/2016\/09\/trick-tip-bs-tailslide-10-768x512.jpg 768w\" sizes=\"auto, (max-width: 999px) 100vw, 999px\" \/><img loading=\"lazy\" decoding=\"async\" width=\"999\" height=\"666\" src=\"\/blog\/wp-content\/uploads\/2016\/09\/trick-tip-bs-tailslide-11.jpg\" class=\"slider-118900 slide-118884\" alt=\"Skateboard Trick BS Tailslide\" data-caption=\"\" data-thumb=\"\" title=\"Skateboard Trick BS Tailslide\" rel=\"\" srcset=\"\/blog\/wp-content\/uploads\/2016\/09\/trick-tip-bs-tailslide-11.jpg 999w, \/blog\/wp-content\/uploads\/2016\/09\/trick-tip-bs-tailslide-11-600x400.jpg 600w, \/blog\/wp-content\/uploads\/2016\/09\/trick-tip-bs-tailslide-11-768x512.jpg 768w\" sizes=\"auto, (max-width: 999px) 100vw, 999px\" \/><img loading=\"lazy\" decoding=\"async\" width=\"999\" height=\"666\" src=\"\/blog\/wp-content\/uploads\/2016\/09\/trick-tip-bs-tailslide-12.jpg\" class=\"slider-118900 slide-118888\" alt=\"Skateboard Trick BS Tailslide\" data-caption=\"\" data-thumb=\"\" title=\"Skateboard Trick BS Tailslide\" rel=\"\" srcset=\"\/blog\/wp-content\/uploads\/2016\/09\/trick-tip-bs-tailslide-12.jpg 999w, \/blog\/wp-content\/uploads\/2016\/09\/trick-tip-bs-tailslide-12-600x400.jpg 600w, \/blog\/wp-content\/uploads\/2016\/09\/trick-tip-bs-tailslide-12-768x512.jpg 768w\" sizes=\"auto, (max-width: 999px) 100vw, 999px\" \/><img loading=\"lazy\" decoding=\"async\" width=\"999\" height=\"666\" src=\"\/blog\/wp-content\/uploads\/2016\/09\/trick-tip-bs-tailslide-13.jpg\" class=\"slider-118900 slide-118892\" alt=\"Skateboard Trick BS Tailslide\" data-caption=\"\" data-thumb=\"\" title=\"Skateboard Trick BS Tailslide\" rel=\"\" srcset=\"\/blog\/wp-content\/uploads\/2016\/09\/trick-tip-bs-tailslide-13.jpg 999w, \/blog\/wp-content\/uploads\/2016\/09\/trick-tip-bs-tailslide-13-600x400.jpg 600w, \/blog\/wp-content\/uploads\/2016\/09\/trick-tip-bs-tailslide-13-768x512.jpg 768w\" sizes=\"auto, (max-width: 999px) 100vw, 999px\" \/><img loading=\"lazy\" decoding=\"async\" width=\"999\" height=\"666\" src=\"\/blog\/wp-content\/uploads\/2016\/09\/trick-tip-bs-tailslide-14.jpg\" class=\"slider-118900 slide-118896\" alt=\"Skateboard Trick BS Tailslide\" data-caption=\"\" data-thumb=\"\" title=\"Skateboard Trick BS Tailslide\" rel=\"\" srcset=\"\/blog\/wp-content\/uploads\/2016\/09\/trick-tip-bs-tailslide-14.jpg 999w, \/blog\/wp-content\/uploads\/2016\/09\/trick-tip-bs-tailslide-14-600x400.jpg 600w, \/blog\/wp-content\/uploads\/2016\/09\/trick-tip-bs-tailslide-14-768x512.jpg 768w\" sizes=\"auto, (max-width: 999px) 100vw, 999px\" \/><img loading=\"lazy\" decoding=\"async\" width=\"999\" height=\"666\" src=\"\/blog\/wp-content\/uploads\/2016\/09\/trick-tip-bs-tailslide-15.jpg\" class=\"slider-118900 slide-118901\" alt=\"Skateboard Trick BS Tailslide\" data-caption=\"\" data-thumb=\"\" title=\"Skateboard Trick BS Tailslide\" rel=\"\" srcset=\"\/blog\/wp-content\/uploads\/2016\/09\/trick-tip-bs-tailslide-15.jpg 999w, \/blog\/wp-content\/uploads\/2016\/09\/trick-tip-bs-tailslide-15-600x400.jpg 600w, \/blog\/wp-content\/uploads\/2016\/09\/trick-tip-bs-tailslide-15-768x512.jpg 768w\" sizes=\"auto, (max-width: 999px) 100vw, 999px\" \/><\/div><\/div>\n        \n    <\/div>\n<\/div>\r\n\t\t<\/div>\r\n\t\t<\/div>\r\n\t\t\r\n\t<\/div>\r\n<\/div>\r\n\r\n<!-- .Ende der Sequenz -->\r\n\r\n<div class=\"post clearfix padding-bottom\">\r\n\t<div id=\"decks-allgemeines\" class=\"hide-for-small large-2 columns\">\r\n\t\t<div class=\"date-day\">BS Tailslide<\/div>\r\n\t\t<div class=\"date-month\">Step By Step<\/div>\r\n\t<\/div>\r\n\r\n\t<div class=\"large-10 columns\">\r\n\t\r\n\t\t<h2 class=\"margin-top margin-bottom\" align=\"center\">Trick Tipp Step By Step: BS Tailslide<\/h2>\r\n\t\t\r\n\t\t<p align=\"center\"><small>Klicke auf die Bilder zum Vergr\u00f6\u00dfern<\/small>\r\n\t\t\r\n\t\t<div class=\"medium-12 columns margin-bottom\">\r\n\t\t\t\r\n\t\t\t<div class=\"small-12 medium-5 columns\">\r\n\t\t\t\t<a title=\"Klicke zum Vergr\u00f6\u00dfern\" href=\"\/blog\/wp-content\/uploads\/2016\/09\/skateboard-trick-tip-bs-tailslide-1.jpg\" rel=\"lightbox[gallery-1] lightbox-0\">\r\n\t\t\t\t\t<img decoding=\"async\" src=\"data:image\/gif;base64,R0lGODlhAQABAIAAAAAAAP\/\/\/yH5BAEAAAAALAAAAAABAAEAAAIBRAA7\" data-src=\"\/blog\/wp-content\/uploads\/2016\/09\/skateboard-trick-tip-bs-tailslide-1-thumb.jpg\" alt=\"Skateboard Trick BS Tailslide\" \/><noscript><img decoding=\"async\" src=\"\/blog\/wp-content\/uploads\/2016\/09\/skateboard-trick-tip-bs-tailslide-1-thumb.jpg\" alt=\"Skateboard Trick BS Tailslide\" \/><\/noscript>\r\n\t\t\t\t<\/a>\t\t\t\r\n\t\t\t<\/div>\r\n\t\t\t\r\n\t\t\t<div class=\"small-12 medium-7 columns\">\r\n\t\t\t<p>\r\n\t\t\t<span class=\"h4\">1.<\/span>\r\n\t\t\tF\u00fcr einen Backside Tailside f\u00e4hrst du parallel in Ollie Position auf die Curb zu, die sich hinter dir befindet und springst wie bei einem Ollie ab.   \r\n\t\t\t<\/p>\r\n\t\t\t<\/div>\r\n\t\t<\/div>\r\n\r\n\t\t\r\n\t\t<div class=\"medium-12 columns margin-bottom\">\r\n\t\t\r\n\t\t\t<!-- .jedes zweite Bild in diese DIV-Klasse -->\r\n\t\t\t<div class=\"small-12 medium-5 medium-push-7 columns\">\r\n\t\t\t\t<a title=\"Klicke zum Vergr\u00f6\u00dfern\" href=\"\/blog\/wp-content\/uploads\/2016\/09\/skateboard-trick-tip-bs-tailslide-2.jpg\" rel=\"lightbox[gallery-1] lightbox-1\">\r\n\t\t\t\t\t<img decoding=\"async\" src=\"data:image\/gif;base64,R0lGODlhAQABAIAAAAAAAP\/\/\/yH5BAEAAAAALAAAAAABAAEAAAIBRAA7\" data-src=\"\/blog\/wp-content\/uploads\/2016\/09\/skateboard-trick-tip-bs-tailslide-2-thumb.jpg\" alt=\"Skateboard Trick BS Tailslide\" \/><noscript><img decoding=\"async\" src=\"\/blog\/wp-content\/uploads\/2016\/09\/skateboard-trick-tip-bs-tailslide-2-thumb.jpg\" alt=\"Skateboard Trick BS Tailslide\" \/><\/noscript>\r\n\t\t\t\t<\/a>\t\t\t\t\r\n\t\t\t<\/div>\r\n\t\t\r\n\t\t\t<!-- .jeden zweiten Text in diese DIV-Klasse -->\r\n\t\t\t<div class=\"small-12 medium-7 medium-pull-5 columns\">\r\n\t\t\t<p>\r\n\t\t\t<span class=\"h4\">2.<\/span>\r\n\t\t\tErst wenn du ein St\u00fcck \u00fcber der Kante der Curb bist, drehst du deine H\u00fcfte um 90 Grad ein, um das Board f\u00fcr den Tailslide so zu positionieren, dass es sicher auf dem Coping aufsetzt.<\/p><p> Achte hier darauf, wirklich nur mit dem Tail einzuloggen und nicht mit der Base Plate an der Curb h\u00e4ngenzubleiben. \r\n\t\t\t<\/p>\r\n\t\t\t<\/div>\r\n\t\t\t\t\t\r\n\t\t<\/div>\r\n\t\t\r\n\t\t<div class=\"medium-12 columns margin-bottom\">\r\n\t\t\t\r\n\t\t\t<div class=\"small-12 medium-5 columns\">\r\n\t\t\t\t<a title=\"Klicke zum Vergr\u00f6\u00dfern\" href=\"\/blog\/wp-content\/uploads\/2016\/09\/skateboard-trick-tip-bs-tailslide-3.jpg\" rel=\"lightbox[gallery-1] lightbox-2\">\r\n\t\t\t\t\t<img decoding=\"async\" src=\"data:image\/gif;base64,R0lGODlhAQABAIAAAAAAAP\/\/\/yH5BAEAAAAALAAAAAABAAEAAAIBRAA7\" data-src=\"\/blog\/wp-content\/uploads\/2016\/09\/skateboard-trick-tip-bs-tailslide-3-thumb.jpg\" alt=\"Skateboard Trick BS Tailslide\" \/><noscript><img decoding=\"async\" src=\"\/blog\/wp-content\/uploads\/2016\/09\/skateboard-trick-tip-bs-tailslide-3-thumb.jpg\" alt=\"Skateboard Trick BS Tailslide\" \/><\/noscript>\r\n\t\t\t\t<\/a>\t\t\r\n\t\t\t<\/div>\r\n\t\t\t\r\n\t\t\t<div class=\"small-12 medium-7 columns\">\r\n\t\t\t<p>\r\n\t\t\t<span class=\"h4\">3.<\/span>\r\n\t\t\tDanach verlagerst du dein Gewicht auf das Hinterbein, so dass du sicher im Slide stehst. Dein hinterer Fu\u00df steht dabei fest auf dem Tail. Deinen vorderen Fu\u00df nutzt du lediglich daf\u00fcr, dein Board und deine K\u00f6rperhaltung zu stabilisieren.<\/p><p> Achte darauf, dass sich dein K\u00f6rper mittig \u00fcber dem Deck befindet, um nicht wegzurutschen. \r\n\t\t\t<\/p>\r\n\t\t\t<\/div>\r\n\t\t<\/div>\r\n\t\t\r\n\t\t<div class=\"medium-12 columns margin-bottom\">\r\n\t\t\r\n\t\t\t<div class=\"small-12 medium-5 medium-push-7 columns\">\r\n\t\t\t\t<a title=\"Klicke zum Vergr\u00f6\u00dfern\" href=\"\/blog\/wp-content\/uploads\/2016\/09\/skateboard-trick-tip-bs-tailslide-4.jpg\" rel=\"lightbox[gallery-1] lightbox-3\">\r\n\t\t\t\t\t<img decoding=\"async\" src=\"data:image\/gif;base64,R0lGODlhAQABAIAAAAAAAP\/\/\/yH5BAEAAAAALAAAAAABAAEAAAIBRAA7\" data-src=\"\/blog\/wp-content\/uploads\/2016\/09\/skateboard-trick-tip-bs-tailslide-4-thumb.jpg\" alt=\"Skateboard Trick BS Tailslide\" \/><noscript><img decoding=\"async\" src=\"\/blog\/wp-content\/uploads\/2016\/09\/skateboard-trick-tip-bs-tailslide-4-thumb.jpg\" alt=\"Skateboard Trick BS Tailslide\" \/><\/noscript>\r\n\t\t\t\t<\/a>\t\t\t\t\t\r\n\t\t\t<\/div>\r\n\t\t\r\n\t\t\t<div class=\"small-12 medium-7 medium-pull-5 columns\">\r\n\t\t\t<p>\r\n\t\t\t<span class=\"h4\">4.<\/span>\r\n\t\t\tUm sicher aus dem Slide zu kommen, drehst du dich to fakie oder to regular, also entgegengesetzt oder mit deiner eigentlichen Fahrtrichtung, aus dem Trick.\t\t\r\n\t\t\t<\/p>\r\n\t\t\t<\/div>\r\n\t\t\r\n\t\t<\/div>\r\n\t\t\r\n\t\t<div class=\"medium-12 columns margin-bottom\">\r\n\t\t\r\n\t\t\t<div class=\"medium-5 columns\">\r\n\t\t\t\t<a title=\"Klicke zum Vergr\u00f6\u00dfern\" href=\"\/blog\/wp-content\/uploads\/2016\/09\/skateboard-trick-tip-bs-tailslide-5.jpg\" rel=\"lightbox[gallery-1] lightbox-4\">\r\n\t\t\t\t\t<img decoding=\"async\" src=\"data:image\/gif;base64,R0lGODlhAQABAIAAAAAAAP\/\/\/yH5BAEAAAAALAAAAAABAAEAAAIBRAA7\" data-src=\"\/blog\/wp-content\/uploads\/2016\/09\/skateboard-trick-tip-bs-tailslide-5-thumb.jpg\" alt=\"Skateboard Trick BS Tailslide\" \/><noscript><img decoding=\"async\" src=\"\/blog\/wp-content\/uploads\/2016\/09\/skateboard-trick-tip-bs-tailslide-5-thumb.jpg\" alt=\"Skateboard Trick BS Tailslide\" \/><\/noscript>\r\n\t\t\t\t<\/a>\t\t\t\t\t\t\t\r\n\t\t\t<\/div>\r\n\t\t\t\r\n\t\t\t<div class=\"medium-7 columns\">\r\n\t\t\t<p>\r\n\t\t\t<span class=\"h4\">5.<\/span>\r\n\t\t\tAuch hier hast du den Vorteil, dass deine Position schon optimal ist, um regular weiterzufahren. Du musst lediglich dein K\u00f6rpergewicht wieder \u00fcber der Boardmitte verteilen.<\/p><p> Sp\u00e4ter kann man mit einer kleinen Wippbewegung des Tails richtig aus dem Slide rauspoppen. Daf\u00fcr brauchst du aber einen sicheren Stand im Backside Tailside. Also sch\u00f6n Schritt f\u00fcr Schritt einstudieren und dann genie\u00dfen.\t\t\t\r\n\t\t\t<\/p>\r\n\r\n\t\t\t<\/div>\r\n\t\t<\/div>\r\n\t<\/div>\r\n<\/div>\r\n\r\n<!-- .Ende der Step By Step Anleitung -->\r\n\r\n<div class=\"post clearfix padding-bottom\">\r\n\t<div id=\"decks-allgemeines\" class=\"hide-for-small large-2 columns\">\r\n\t\t<div class=\"date-day\">Mehr Tricks<\/div>\r\n\t\t<div class=\"date-month\">?<\/div>\r\n\t<\/div>\r\n\r\n\t<div class=\"large-10 columns\">\r\n\t\r\n\t\t<h3 class=\"margin-top margin-bottom\" align=\"center\">Welcher Trick als n\u00e4chstes?<\/h2>\r\n\t\t\r\n\t\t<p>\r\n\t\tDie BS Tailslides sitzen? Gl\u00fcckwunsch, denn jetzt hast du eine richtige Style-Granate im Repertoire. Du willst noch einen draufsetzen und deine Slide Skills ausbauen? Dann schau dir doch mal den BS Bluntslide an.<\/p><p>Genug von Slides und Grinds? Nicht aufh\u00f6ren, denn es gibt noch eine ganze Stange an Tricks, die du an anderen Spots probieren kannst.<\/p><p> Klick dich einfach durch die verschiedenen <a title=\"zu den Skateboard Trick Tipps Flat\" href=\"\/blog\/de\/trick-tipps\/skateboard\/flat\/\">Trick Tipps f\u00fcr&#8217;s Flat<\/a>, <a title=\"zu den Skateboard Trick Tipps Flat\" href=\"\/blog\/de\/trick-tipps\/skateboard\/curb-rail\/\">Curb und Rail<\/a> oder <a title=\"zu den Skateboard Trick Tipps Flat\" href=\"\/blog\/de\/trick-tipps\/skateboard\/transition\/\">Transition.<\/a>\r\n\t\t<\/p>\r\n\t\t\r\n\t\t<div class=\"medium-12 small-12 columns\">\r\n<a title=\"zu den Skateboard Trick Tipps Curb &#038; Rail\" href=\"\/blog\/de\/trick-tipps\/skateboard\/curb-rail\/\" class=\"button-auto\">Skateboard Trick Tipps | Curb &#038; Rail<\/a>\r\n\t\t\t<br><br>\r\n\t\t\t<div class=\"medium-6 small-12 columns\">\r\n\t\t\t<a title=\"zu den Skateboard Trick Tipps Flat\" href=\"\/blog\/de\/trick-tipps\/skateboard\/flat\/\" class=\"button-auto\">Skateboard Trick Tipps | Flat<\/a>\r\n\t\t\t<br><br>\r\n\t\t\t<\/div>\r\n\t\t\t\r\n\t\t\t<div class=\"medium-6 small-12 columns\">\r\n\t\t\t<a title=\"zu den Skateboard Trick Tipps Transition\" href=\"\/blog\/de\/trick-tipps\/skateboard\/transition\/\" class=\"button-auto\">Skateboard Trick Tipps | Transition<\/a>\r\n\t\t\t<br><br>\r\n\t\t\t<\/div>\r\n\t\t\t\r\n\t\t<\/div>\r\n\t\t\r\n\t\t\r\n\t<\/div>\r\n<\/div><div class=\"ShariffSC\" style=\"shariff-shop\"><div class=\"shariff\" data-url=\"https:\/\/www.skatedeluxe.com\/blog\/de\/trick-tipps\/skateboard\/curb-rail\/how-to-bs-tailslide\/\" data-title=\"BS Tailslide &#8211; Skateboard Trick Tipp\" data-services='[\"facebooklike\", \"facebook\"]' data-backend-url='\/shariff\/'><\/div><\/div>","protected":false},"excerpt":{"rendered":"<p>Trick Tipp BS Tailslide Den Backside 180 Ollie hast du sicher drin? Dann kannst du dich jetzt an den Backside Tailslide wagen, einem der stylischsten Tricks im Skateboarding. Backside bezieht sich hierbei auf die Position des Obstacles, das sich in diesem Fall hinter dir befindet. Ein guter BS Tailslide macht nicht nur extrem viel Spa\u00df, <a class=\"read-more\" href=\"https:\/\/www.skatedeluxe.com\/blog\/de\/trick-tipps\/skateboard\/curb-rail\/how-to-bs-tailslide\/\">[&#8230;]<\/a><\/p>\n","protected":false},"author":24,"featured_media":118593,"parent":21468,"menu_order":12,"comment_status":"open","ping_status":"closed","template":"page-templates\/teasing-page.php","meta":{"footnotes":""},"class_list":["post-21535","page","type-page","status-publish","has-post-thumbnail","hentry"],"aioseo_notices":[],"amp_enabled":false,"_links":{"self":[{"href":"https:\/\/www.skatedeluxe.com\/blog\/de\/wp-json\/wp\/v2\/pages\/21535","targetHints":{"allow":["GET"]}}],"collection":[{"href":"https:\/\/www.skatedeluxe.com\/blog\/de\/wp-json\/wp\/v2\/pages"}],"about":[{"href":"https:\/\/www.skatedeluxe.com\/blog\/de\/wp-json\/wp\/v2\/types\/page"}],"author":[{"embeddable":true,"href":"https:\/\/www.skatedeluxe.com\/blog\/de\/wp-json\/wp\/v2\/users\/24"}],"replies":[{"embeddable":true,"href":"https:\/\/www.skatedeluxe.com\/blog\/de\/wp-json\/wp\/v2\/comments?post=21535"}],"version-history":[{"count":14,"href":"https:\/\/www.skatedeluxe.com\/blog\/de\/wp-json\/wp\/v2\/pages\/21535\/revisions"}],"predecessor-version":[{"id":144028,"href":"https:\/\/www.skatedeluxe.com\/blog\/de\/wp-json\/wp\/v2\/pages\/21535\/revisions\/144028"}],"up":[{"embeddable":true,"href":"https:\/\/www.skatedeluxe.com\/blog\/de\/wp-json\/wp\/v2\/pages\/21468"}],"wp:featuredmedia":[{"embeddable":true,"href":"https:\/\/www.skatedeluxe.com\/blog\/de\/wp-json\/wp\/v2\/media\/118593"}],"wp:attachment":[{"href":"https:\/\/www.skatedeluxe.com\/blog\/de\/wp-json\/wp\/v2\/media?parent=21535"}],"curies":[{"name":"wp","href":"https:\/\/api.w.org\/{rel}","templated":true}]}}