{"id":130276,"date":"2016-12-23T00:46:54","date_gmt":"2016-12-22T23:46:54","guid":{"rendered":"https:\/\/admin.skatedeluxe.com\/blog\/fr\/?page_id=130276"},"modified":"2018-05-09T10:38:16","modified_gmt":"2018-05-09T08:38:16","slug":"bs-180-kickflip","status":"publish","type":"page","link":"https:\/\/www.skatedeluxe.com\/blog\/fr\/trick-tips\/skateboard\/flat\/bs-180-kickflip\/","title":{"rendered":"BS 180 Kickflip &#8211; Skateboard Trick Tip"},"content":{"rendered":"<div class=\"post clearfix padding-bottom\">\r\n\t<div id=\"decks-allgemeines\" class=\"hide-for-small large-2 columns\">\r\n\t\t<div class=\"date-day\">Trick Tip<\/div>\r\n\t\t<div class=\"date-month\">BS 180 Kickflip<\/div>\r\n\t<\/div>\r\n\r\n\t<div class=\"large-10 columns\">\r\n\t\r\n\t\t<p>\r\n\t\tUn Backside 180 Kickflip est, comme vous l&#8217;avez peut-\u00eatre d\u00e9j\u00e0 devin\u00e9, un m\u00e9lange entre un Backside 180 Ollie et un Kickflip. Ces deux tricks sont la base et vous devriez les avoir verrouill\u00e9s maintenant. Si ce n&#8217;est pas le cas, vous devriez certainement revenir quelques \u00e9tapes et les rentrer directement avant d&#8217;essayer le BS 180 Kickflip. Ensuite, il ne vous prendra pas trop de temps pour g\u00e9rer ce trick. Une fois ma\u00eetris\u00e9, vous avez un trick tr\u00e8s sophistiqu\u00e9 au menu qui est toujours un plaisir pour la foule.\r\n\t\t<\/p>\r\n\t\r\n\t\t<p>\r\n\t\tApprenez ici \u00e0 faire un BS 180 Kickflip!\r\n\t\t<\/p>\r\n\t\t\r\n\t<\/div>\r\n<\/div>\r\n\r\n<!-- .end of introduction -->\r\n\r\n<div class=\"post clearfix padding-bottom\">\r\n\t<div id=\"decks-allgemeines\" class=\"hide-for-small large-2 columns\">\r\n\t\t<div class=\"date-day\">BS 180 Kickflip<\/div>\r\n\t\t<div class=\"date-month\">Video<\/div>\r\n\t<\/div>\r\n \r\n\t<div class=\"large-10 columns\">\r\n\t\r\n\t\t<h2 class=\"margin-top margin-bottom\" align=\"center\">BS 180 Kickflip<\/h2>\r\n\t\t\r\n\t\t<div class=\"medium-12 small-12 columns\">\r\n\t\t<div class=\"medium-10 columns medium-centered medium-offset-1 columns margin-bottom\">\r\n\r\n\t\t<div class=\"flex-video\">\r\n\t\t\t<iframe width=\"853\" height=\"480\" data-src=\"https:\/\/www.youtube-nocookie.com\/embed\/1ckD4kLdv7o\" frameborder=\"0\" allowfullscreen allow=\"autoplay; encrypted-media\"><\/iframe><noscript><iframe loading=\"lazy\" width=\"853\" height=\"480\" src=\"https:\/\/www.youtube-nocookie.com\/embed\/1ckD4kLdv7o\" frameborder=\"0\" allowfullscreen allow=\"autoplay; encrypted-media\"><\/iframe><\/noscript>\r\n\t\t<\/div>\r\n\t\t\t<div class=\"ShariffSC\" style=\"shariff-shop\"><div class=\"shariff\" data-url=\"https:\/\/www.skatedeluxe.com\/blog\/fr\/trick-tips\/skateboard\/flat\/bs-180-kickflip\/\" data-title=\"BS 180 Kickflip &#8211; Skateboard Trick Tip\" data-services='[\"facebooklike\", \"facebook\"]' data-backend-url='\/shariff\/'><\/div><\/div> <!-- .Social Leiste unterhalb des Videos -->\r\n\t\t<\/div>\r\n\t\t<\/div>\r\n\t\t\r\n\t<\/div>\r\n<\/div>\r\n\r\n<!-- .end of video area -->\r\n\r\n<div class=\"post clearfix padding-bottom\">\r\n\t<div id=\"decks-allgemeines\" class=\"hide-for-small large-2 columns\">\r\n\t\t<div class=\"date-day\">BS 180 Kickflip<\/div>\r\n\t\t<div class=\"date-month\">S\u00e9quence<\/div>\r\n\t<\/div>\r\n\r\n\t<div class=\"large-10 columns\">\r\n\t\r\n\t\t<h2 class=\"margin-top margin-bottom\" align=\"center\">Trick Tip S\u00e9quence: BS 180 Kickflip<\/h2>\r\n\t\t\r\n\t\t<div class=\"medium-12 small-12 columns\">\r\n\t\t<div class=\"medium-10 columns medium-centered medium-offset-1 columns margin-bottom\">\r\n\t\t<div id=\"metaslider-id-116459\" style=\"max-width: 999px; margin: 0 auto;\" class=\"ml-slider-3-98-0 ml-slider-pro-2-6-6 metaslider metaslider-nivo metaslider-116459 ml-slider ms-theme-_theme_1463567531\" role=\"region\" aria-roledescription=\"Slideshow\" aria-label=\"BS 180 Kickflip - Trick Tip\" data-width=\"999\">\n    <div id=\"metaslider_container_116459\">\n        <div class='slider-wrapper theme-default'><div class='ribbon'><\/div><div id='metaslider_116459' class='nivoSlider'><img loading=\"lazy\" decoding=\"async\" width=\"999\" height=\"666\" src=\"\/blog\/wp-content\/uploads\/2016\/09\/trick-tip-bs-180-kickflip-1.jpg\" class=\"slider-116459 slide-116415\" alt=\"Skateboard Trick BS 180 Kickflip\" data-caption=\"\" data-thumb=\"\" title=\"Skateboard Trick BS 180 Kickflip\" rel=\"\" srcset=\"\/blog\/wp-content\/uploads\/2016\/09\/trick-tip-bs-180-kickflip-1.jpg 999w, \/blog\/wp-content\/uploads\/2016\/09\/trick-tip-bs-180-kickflip-1-600x400.jpg 600w, \/blog\/wp-content\/uploads\/2016\/09\/trick-tip-bs-180-kickflip-1-768x512.jpg 768w\" sizes=\"auto, (max-width: 999px) 100vw, 999px\" \/><img loading=\"lazy\" decoding=\"async\" width=\"999\" height=\"666\" src=\"\/blog\/wp-content\/uploads\/2016\/09\/trick-tip-bs-180-kickflip-2.jpg\" class=\"slider-116459 slide-116419\" alt=\"Skateboard Trick BS 180 Kickflip\" data-caption=\"\" data-thumb=\"\" title=\"Skateboard Trick BS 180 Kickflip\" rel=\"\" srcset=\"\/blog\/wp-content\/uploads\/2016\/09\/trick-tip-bs-180-kickflip-2.jpg 999w, \/blog\/wp-content\/uploads\/2016\/09\/trick-tip-bs-180-kickflip-2-600x400.jpg 600w, \/blog\/wp-content\/uploads\/2016\/09\/trick-tip-bs-180-kickflip-2-768x512.jpg 768w\" sizes=\"auto, (max-width: 999px) 100vw, 999px\" \/><img loading=\"lazy\" decoding=\"async\" width=\"999\" height=\"666\" src=\"\/blog\/wp-content\/uploads\/2016\/09\/trick-tip-bs-180-kickflip-3.jpg\" class=\"slider-116459 slide-116423\" alt=\"Skateboard Trick BS 180 Kickflip\" data-caption=\"\" data-thumb=\"\" title=\"Skateboard Trick BS 180 Kickflip\" rel=\"\" srcset=\"\/blog\/wp-content\/uploads\/2016\/09\/trick-tip-bs-180-kickflip-3.jpg 999w, \/blog\/wp-content\/uploads\/2016\/09\/trick-tip-bs-180-kickflip-3-600x400.jpg 600w, \/blog\/wp-content\/uploads\/2016\/09\/trick-tip-bs-180-kickflip-3-768x512.jpg 768w\" sizes=\"auto, (max-width: 999px) 100vw, 999px\" \/><img loading=\"lazy\" decoding=\"async\" width=\"999\" height=\"666\" src=\"\/blog\/wp-content\/uploads\/2016\/09\/trick-tip-bs-180-kickflip-4.jpg\" class=\"slider-116459 slide-116427\" alt=\"Skateboard Trick BS 180 Kickflip\" data-caption=\"\" data-thumb=\"\" title=\"Skateboard Trick BS 180 Kickflip\" rel=\"\" srcset=\"\/blog\/wp-content\/uploads\/2016\/09\/trick-tip-bs-180-kickflip-4.jpg 999w, \/blog\/wp-content\/uploads\/2016\/09\/trick-tip-bs-180-kickflip-4-600x400.jpg 600w, \/blog\/wp-content\/uploads\/2016\/09\/trick-tip-bs-180-kickflip-4-768x512.jpg 768w\" sizes=\"auto, (max-width: 999px) 100vw, 999px\" \/><img loading=\"lazy\" decoding=\"async\" width=\"999\" height=\"666\" src=\"\/blog\/wp-content\/uploads\/2016\/09\/trick-tip-bs-180-kickflip-5.jpg\" class=\"slider-116459 slide-116431\" alt=\"Skateboard Trick BS 180 Kickflip\" data-caption=\"\" data-thumb=\"\" title=\"Skateboard Trick BS 180 Kickflip\" rel=\"\" srcset=\"\/blog\/wp-content\/uploads\/2016\/09\/trick-tip-bs-180-kickflip-5.jpg 999w, \/blog\/wp-content\/uploads\/2016\/09\/trick-tip-bs-180-kickflip-5-600x400.jpg 600w, \/blog\/wp-content\/uploads\/2016\/09\/trick-tip-bs-180-kickflip-5-768x512.jpg 768w\" sizes=\"auto, (max-width: 999px) 100vw, 999px\" \/><img loading=\"lazy\" decoding=\"async\" width=\"999\" height=\"666\" src=\"\/blog\/wp-content\/uploads\/2016\/09\/trick-tip-bs-180-kickflip-6.jpg\" class=\"slider-116459 slide-116435\" alt=\"Skateboard Trick BS 180 Kickflip\" data-caption=\"\" data-thumb=\"\" title=\"Skateboard Trick BS 180 Kickflip\" rel=\"\" srcset=\"\/blog\/wp-content\/uploads\/2016\/09\/trick-tip-bs-180-kickflip-6.jpg 999w, \/blog\/wp-content\/uploads\/2016\/09\/trick-tip-bs-180-kickflip-6-600x400.jpg 600w, \/blog\/wp-content\/uploads\/2016\/09\/trick-tip-bs-180-kickflip-6-768x512.jpg 768w\" sizes=\"auto, (max-width: 999px) 100vw, 999px\" \/><img loading=\"lazy\" decoding=\"async\" width=\"999\" height=\"666\" src=\"\/blog\/wp-content\/uploads\/2016\/09\/trick-tip-bs-180-kickflip-7.jpg\" class=\"slider-116459 slide-116439\" alt=\"Skateboard Trick BS 180 Kickflip\" data-caption=\"\" data-thumb=\"\" title=\"Skateboard Trick BS 180 Kickflip\" rel=\"\" srcset=\"\/blog\/wp-content\/uploads\/2016\/09\/trick-tip-bs-180-kickflip-7.jpg 999w, \/blog\/wp-content\/uploads\/2016\/09\/trick-tip-bs-180-kickflip-7-600x400.jpg 600w, \/blog\/wp-content\/uploads\/2016\/09\/trick-tip-bs-180-kickflip-7-768x512.jpg 768w\" sizes=\"auto, (max-width: 999px) 100vw, 999px\" \/><img loading=\"lazy\" decoding=\"async\" width=\"999\" height=\"666\" src=\"\/blog\/wp-content\/uploads\/2016\/09\/trick-tip-bs-180-kickflip-8.jpg\" class=\"slider-116459 slide-116443\" alt=\"Skateboard Trick BS 180 Kickflip\" data-caption=\"\" data-thumb=\"\" title=\"Skateboard Trick BS 180 Kickflip\" rel=\"\" srcset=\"\/blog\/wp-content\/uploads\/2016\/09\/trick-tip-bs-180-kickflip-8.jpg 999w, \/blog\/wp-content\/uploads\/2016\/09\/trick-tip-bs-180-kickflip-8-600x400.jpg 600w, \/blog\/wp-content\/uploads\/2016\/09\/trick-tip-bs-180-kickflip-8-768x512.jpg 768w\" sizes=\"auto, (max-width: 999px) 100vw, 999px\" \/><img loading=\"lazy\" decoding=\"async\" width=\"999\" height=\"666\" src=\"\/blog\/wp-content\/uploads\/2016\/09\/trick-tip-bs-180-kickflip-9.jpg\" class=\"slider-116459 slide-116447\" alt=\"Skateboard Trick BS 180 Kickflip\" data-caption=\"\" data-thumb=\"\" title=\"Skateboard Trick BS 180 Kickflip\" rel=\"\" srcset=\"\/blog\/wp-content\/uploads\/2016\/09\/trick-tip-bs-180-kickflip-9.jpg 999w, \/blog\/wp-content\/uploads\/2016\/09\/trick-tip-bs-180-kickflip-9-600x400.jpg 600w, \/blog\/wp-content\/uploads\/2016\/09\/trick-tip-bs-180-kickflip-9-768x512.jpg 768w\" sizes=\"auto, (max-width: 999px) 100vw, 999px\" \/><img loading=\"lazy\" decoding=\"async\" width=\"999\" height=\"666\" src=\"\/blog\/wp-content\/uploads\/2016\/09\/trick-tip-bs-180-kickflip-10.jpg\" class=\"slider-116459 slide-116451\" alt=\"Skateboard Trick BS 180 Kickflip\" data-caption=\"\" data-thumb=\"\" title=\"Skateboard Trick BS 180 Kickflip\" rel=\"\" srcset=\"\/blog\/wp-content\/uploads\/2016\/09\/trick-tip-bs-180-kickflip-10.jpg 999w, \/blog\/wp-content\/uploads\/2016\/09\/trick-tip-bs-180-kickflip-10-600x400.jpg 600w, \/blog\/wp-content\/uploads\/2016\/09\/trick-tip-bs-180-kickflip-10-768x512.jpg 768w\" sizes=\"auto, (max-width: 999px) 100vw, 999px\" \/><img loading=\"lazy\" decoding=\"async\" width=\"999\" height=\"666\" src=\"\/blog\/wp-content\/uploads\/2016\/09\/trick-tip-bs-180-kickflip-11.jpg\" class=\"slider-116459 slide-116455\" alt=\"Skateboard Trick BS 180 Kickflip\" data-caption=\"\" data-thumb=\"\" title=\"Skateboard Trick BS 180 Kickflip\" rel=\"\" srcset=\"\/blog\/wp-content\/uploads\/2016\/09\/trick-tip-bs-180-kickflip-11.jpg 999w, \/blog\/wp-content\/uploads\/2016\/09\/trick-tip-bs-180-kickflip-11-600x400.jpg 600w, \/blog\/wp-content\/uploads\/2016\/09\/trick-tip-bs-180-kickflip-11-768x512.jpg 768w\" sizes=\"auto, (max-width: 999px) 100vw, 999px\" \/><\/div><\/div>\n        \n    <\/div>\n<\/div>\r\n\t\t<\/div>\r\n\t\t<\/div>\r\n\t\t\r\n\t<\/div>\r\n<\/div>\r\n\r\n<!-- .end of sequence -->\r\n\r\n<div class=\"post clearfix padding-bottom\">\r\n\t<div id=\"decks-allgemeines\" class=\"hide-for-small large-2 columns\">\r\n\t\t<div class=\"date-day\">BS 180 Kickflip<\/div>\r\n\t\t<div class=\"date-month\">Etape par Etape<\/div>\r\n\t<\/div>\r\n\r\n\t<div class=\"large-10 columns\">\r\n\t\r\n\t\t<h2 class=\"margin-top margin-bottom\" align=\"center\">Trick Tip Etape par Etape: BS 180 Kickflip<\/h2>\r\n\t\t\r\n\t\t<p align=\"center\"><small>Click to enlarge<\/small>\r\n\t\t\r\n\t\t<div class=\"medium-12 columns margin-bottom\">\r\n\t\t\t\r\n\t\t\t<div class=\"small-12 medium-5 columns\">\r\n\t\t\t\t<a title=\"Clickez pour \u00e9largir\" href=\"\/blog\/wp-content\/uploads\/2016\/09\/skateboard-trick-tip-bs-flip-1.jpg\" rel=\"lightbox[gallery-1] lightbox-0\">\r\n\t\t\t\t\t<img decoding=\"async\" src=\"data:image\/gif;base64,R0lGODlhAQABAIAAAAAAAP\/\/\/yH5BAEAAAAALAAAAAABAAEAAAIBRAA7\" data-src=\"\/blog\/wp-content\/uploads\/2016\/09\/skateboard-trick-tip-bs-flip-1-thumb.jpg\" alt=\"Skateboard Trick BS 180 Kickflip Feet Position\" \/><noscript><img decoding=\"async\" src=\"\/blog\/wp-content\/uploads\/2016\/09\/skateboard-trick-tip-bs-flip-1-thumb.jpg\" alt=\"Skateboard Trick BS 180 Kickflip Feet Position\" \/><\/noscript>\r\n\t\t\t\t<\/a>\t\t\t\r\n\t\t\t<\/div>\r\n\t\t\t\r\n\t\t\t<div class=\"small-12 medium-7 columns\">\r\n\t\t\t<p>\r\n\t\t\t<span class=\"h4\">1.<\/span>\r\n\t\t\tLa position du pied est un m\u00e9lange entre un BS 180 Ollie et un Kickflip.<\/p><p> Votre pied arri\u00e8re devrait \u00eatre plac\u00e9 un peu plus \u00e0 l&#8217;int\u00e9rieur du tail, tandis que votre pied avant devrait \u00eatre plac\u00e9 l\u00e9g\u00e8rement derri\u00e8re les vis de votre nose et inclin\u00e9 dans la position kickflip.\r\n\t\t\t<\/p>\r\n\t\t\t<\/div>\r\n\t\t<\/div>\r\n\r\n\t\t\r\n\t\t<div class=\"medium-12 columns margin-bottom\">\r\n\t\t\r\n\t\t\t<!-- .jedes zweite Bild in diese DIV-Klasse -->\r\n\t\t\t<div class=\"small-12 medium-5 medium-push-7 columns\">\r\n\t\t\t\t<a title=\"Clickez pour \u00e9largir\" href=\"\/blog\/wp-content\/uploads\/2016\/09\/skateboard-trick-tip-bs-flip-2.jpg\" rel=\"lightbox[gallery-1] lightbox-1\">\r\n\t\t\t\t\t<img decoding=\"async\" src=\"data:image\/gif;base64,R0lGODlhAQABAIAAAAAAAP\/\/\/yH5BAEAAAAALAAAAAABAAEAAAIBRAA7\" data-src=\"\/blog\/wp-content\/uploads\/2016\/09\/skateboard-trick-tip-bs-flip-2-thumb.jpg\" alt=\"Skateboard Trick BS 180 Kickflip\" \/><noscript><img decoding=\"async\" src=\"\/blog\/wp-content\/uploads\/2016\/09\/skateboard-trick-tip-bs-flip-2-thumb.jpg\" alt=\"Skateboard Trick BS 180 Kickflip\" \/><\/noscript>\r\n\t\t\t\t<\/a>\t\t\t\t\r\n\t\t\t<\/div>\r\n\t\t\r\n\t\t\t<!-- .jeden zweiten Text in diese DIV-Klasse -->\r\n\t\t\t<div class=\"small-12 medium-7 medium-pull-5 columns\">\r\n\t\t\t<p>\r\n\t\t\t<span class=\"h4\">2.<\/span>\r\n\t\t\tTout comme l&#8217;arri\u00e8re 180 Ollie, il est important d&#8217;utiliser vos \u00e9paules.<\/p><p> Avant de sauter votre queue, construire l&#8217;\u00e9lan avec vos \u00e9paules et se pencher en vous pr\u00e9parant pour le mouvement arri\u00e8re 180.\r\n\t\t\t<\/p>\r\n\t\t\t<\/div>\r\n\t\t\t\t\t\r\n\t\t<\/div>\r\n\t\t\r\n\t\t<div class=\"medium-12 columns margin-bottom\">\r\n\t\t\t\r\n\t\t\t<div class=\"small-12 medium-5 columns\">\r\n\t\t\t\t<a title=\"Clickez pour \u00e9largir\" href=\"\/blog\/wp-content\/uploads\/2016\/09\/skateboard-trick-tip-bs-flip-3.jpg\" rel=\"lightbox[gallery-1] lightbox-2\">\r\n\t\t\t\t\t<img decoding=\"async\" src=\"data:image\/gif;base64,R0lGODlhAQABAIAAAAAAAP\/\/\/yH5BAEAAAAALAAAAAABAAEAAAIBRAA7\" data-src=\"\/blog\/wp-content\/uploads\/2016\/09\/skateboard-trick-tip-bs-flip-3-thumb.jpg\" alt=\"Skateboard Trick BS 180 Kickflip\" \/><noscript><img decoding=\"async\" src=\"\/blog\/wp-content\/uploads\/2016\/09\/skateboard-trick-tip-bs-flip-3-thumb.jpg\" alt=\"Skateboard Trick BS 180 Kickflip\" \/><\/noscript>\r\n\t\t\t\t<\/a>\t\t\r\n\t\t\t<\/div>\r\n\t\t\t\r\n\t\t\t<div class=\"small-12 medium-7 columns\">\r\n\t\t\t<p>\r\n\t\t\t<span class=\"h4\">3.<\/span>\r\n\t\t\tIl est important de poppez le tail avec votre pied arri\u00e8re vers le bas et derri\u00e8re vous pour aider \u00e0 atteindre l&#8217;arri\u00e8re 180 tour. <\/ P> <p> La rotation ou le basculement de la planche est fait avec le mouvement kickflip de votre pied avant et les orteils.\r\n\t\t\t<\/p>\r\n\t\t\t<\/div>\r\n\t\t<\/div>\r\n\t\t\r\n\t\t<div class=\"medium-12 columns margin-bottom\">\r\n\t\t\r\n\t\t\t<div class=\"small-12 medium-5 medium-push-7 columns\">\r\n\t\t\t\t<a title=\"Clickez pour \u00e9largir\" href=\"\/blog\/wp-content\/uploads\/2016\/09\/skateboard-trick-tip-bs-flip-4.jpg\" rel=\"lightbox[gallery-1] lightbox-3\">\r\n\t\t\t\t\t<img decoding=\"async\" src=\"data:image\/gif;base64,R0lGODlhAQABAIAAAAAAAP\/\/\/yH5BAEAAAAALAAAAAABAAEAAAIBRAA7\" data-src=\"\/blog\/wp-content\/uploads\/2016\/09\/skateboard-trick-tip-bs-flip-4-thumb.jpg\" alt=\"Skateboard Trick BS 180 Kickflip\" \/><noscript><img decoding=\"async\" src=\"\/blog\/wp-content\/uploads\/2016\/09\/skateboard-trick-tip-bs-flip-4-thumb.jpg\" alt=\"Skateboard Trick BS 180 Kickflip\" \/><\/noscript>\r\n\t\t\t\t<\/a>\t\t\t\t\t\r\n\t\t\t<\/div>\r\n\t\t\r\n\t\t\t<div class=\"small-12 medium-7 medium-pull-5 columns\">\r\n\t\t\t<p>\r\n\t\t\t<span class=\"h4\">4.<\/span>\r\n\t\t\tPliez-vous pour l&#8217;\u00e9lan, poppez, sautez et faire le mouvement backside 180 et en m\u00eame temps le mouvement kickflip avec votre pied avant. <\/p> <p> Assurez-vous de tirer vos jambes vers le haut pour laisser le conseil flip tout le chemin que vous tournez. \t\t\r\n\t\t\t<\/p>\r\n\t\t\t<\/div>\r\n\t\t<\/div>\r\n\t\t\r\n\t\t<div class=\"medium-12 columns margin-bottom\">\r\n\t\t\r\n\t\t\t<div class=\"medium-5 columns\">\r\n\t\t\t\t<a title=\"Clickez pour \u00e9largir\" href=\"\/blog\/wp-content\/uploads\/2016\/09\/skateboard-trick-tip-bs-flip-5.jpg\" rel=\"lightbox[gallery-1] lightbox-4\">\r\n\t\t\t\t\t<img decoding=\"async\" src=\"data:image\/gif;base64,R0lGODlhAQABAIAAAAAAAP\/\/\/yH5BAEAAAAALAAAAAABAAEAAAIBRAA7\" data-src=\"\/blog\/wp-content\/uploads\/2016\/09\/skateboard-trick-tip-bs-flip-5-thumb.jpg\" alt=\"Skateboard Trick BS 180 Kickflip\" \/><noscript><img decoding=\"async\" src=\"\/blog\/wp-content\/uploads\/2016\/09\/skateboard-trick-tip-bs-flip-5-thumb.jpg\" alt=\"Skateboard Trick BS 180 Kickflip\" \/><\/noscript>\r\n\t\t\t\t<\/a>\t\t\t\t\t\t\t\r\n\t\t\t<\/div>\r\n\t\t\t\r\n\t\t\t<div class=\"medium-7 columns\">\r\n\t\t\t<p>\r\n\t\t\t<span class=\"h4\">5.<\/span>\r\n\t\t\tAttrapez votre planche au-dessus des vis, le sol et roulez loin, propre. Au d\u00e9but, elle peut aider \u00e0 atterrir avec votre poids sur votre truck avant et apporter le reste de la planche autour du sol.\r\n\t\t\t<\/p>\r\n\t\t\t<\/div>\r\n\t\t<\/div>\r\n\r\n<!-- .Ende der Step By Step Anleitung -->\r\n\r\n\t<\/div>\r\n<\/div>\r\n<div class=\"post clearfix padding-bottom\">\r\n    <div id=\"decks-allgemeines\" class=\"hide-for-small large-2 columns\">\r\n   \t <div class=\"date-day\">Plus de Tricks<\/div>\r\n   \t <div class=\"date-month\">?<\/div>\r\n    <\/div>\r\n\r\n    <div class=\"large-10 columns\">\r\n    \r\n   \t <h3 class=\"margin-top margin-bottom\" align=\"center\">Quel prochain Trick?<\/h3>\r\n\t\t\r\n\t\t<p>\r\n\t\tN\u2019est ce pas agr\u00e9able de rentrer le BS 180 Kickflip? C\u2019est s\u00fbr! Pourquoi ne pas ajouter une variation et ajouter un flip? C\u2019est parti pour un BS 180 Heelflip! <\/p><p> Si vous voulez apprendre plus de tricks allez juste voir notre <a title=\"see all skateboard trick tips for flat\" href=\"\/blog\/fr\/trick-tips\/skateboard\/flat\/\">trick tips pour le flat<\/a>. Si vous \u00eates plus dans des sessions de mini rampe, vous devriez consulter notre section tricks tips pour <a title=\"voir tous les tricks de skateboard pour les transitions href=\"\/blog\/fr\/trick-tips\/skateboard\/transition\/\"> transition.<\/a> Si vous voulez apprendre quelques grinds alors allez voir les tricks tips pour <a title = \"voir toutes les tricks tips de skateboard pour les curbs et les rails\" href=\"\/blog\/fr\/trick-tips\/skateboard\/curb-rail\/\">les curbs et les rails<\/a>.\r\n   \t <\/p>\r\n   \t \r\n   \t <div class=\"medium-12 small-12 columns\">\r\n   \t\t <a title=\"voir tous les tricks trips de skateboard pour le flat\" href=\"\/blog\/fr\/trick-tips\/skateboard\/flat\/\" class=\"button-auto\">Skateboard Trick Tips | Flat<\/a>\r\n   \t\t <br><br>\r\n   \t\t \r\n   \t\t <div class=\"medium-6 small-12 columns\">\r\n   \t\t <a title=\"voir tous les tricks trips de skateboard pour curb &#038; rail\" href=\"\/blog\/fr\/trick-tips\/skateboard\/curb-rail\/\" class=\"button-auto\">Skateboard Trick Tips | Curb &#038; Rail<\/a>\r\n   \t\t <br><br>\r\n   \t\t <\/div>\r\n   \t\t \r\n   \t\t <div class=\"medium-6 small-12 columns\">\r\n   \t\t <a title=\"voir tous les tricks trips de skateboard pour transitions\" href=\"\/blog\/fr\/trick-tips\/skateboard\/transition\/\" class=\"button-auto\">Skateboard Trick Tips | Transition<\/a>\r\n\t\t\t<br><br>\r\n\t\t\t<\/div>\r\n\t\t\t\r\n\t\t<\/div>\r\n\t\t\r\n\t\t\r\n\t<\/div>\r\n<\/div><div class=\"ShariffSC\" style=\"shariff-shop\"><div class=\"shariff\" data-url=\"https:\/\/www.skatedeluxe.com\/blog\/fr\/trick-tips\/skateboard\/flat\/bs-180-kickflip\/\" data-title=\"BS 180 Kickflip &#8211; Skateboard Trick Tip\" data-services='[\"facebooklike\", \"facebook\"]' data-backend-url='\/shariff\/'><\/div><\/div>","protected":false},"excerpt":{"rendered":"<p>Trick Tip BS 180 Kickflip Un Backside 180 Kickflip est, comme vous l&#8217;avez peut-\u00eatre d\u00e9j\u00e0 devin\u00e9, un m\u00e9lange entre un Backside 180 Ollie et un Kickflip. Ces deux tricks sont la base et vous devriez les avoir verrouill\u00e9s maintenant. Si ce n&#8217;est pas le cas, vous devriez certainement revenir quelques \u00e9tapes et les rentrer directement <a class=\"read-more\" href=\"https:\/\/www.skatedeluxe.com\/blog\/fr\/trick-tips\/skateboard\/flat\/bs-180-kickflip\/\">[&#8230;]<\/a><\/p>\n","protected":false},"author":54,"featured_media":117237,"parent":129889,"menu_order":14,"comment_status":"closed","ping_status":"closed","template":"page-templates\/teasing-page.php","meta":{"footnotes":""},"class_list":["post-130276","page","type-page","status-publish","has-post-thumbnail","hentry"],"aioseo_notices":[],"amp_enabled":false,"_links":{"self":[{"href":"https:\/\/www.skatedeluxe.com\/blog\/fr\/wp-json\/wp\/v2\/pages\/130276","targetHints":{"allow":["GET"]}}],"collection":[{"href":"https:\/\/www.skatedeluxe.com\/blog\/fr\/wp-json\/wp\/v2\/pages"}],"about":[{"href":"https:\/\/www.skatedeluxe.com\/blog\/fr\/wp-json\/wp\/v2\/types\/page"}],"author":[{"embeddable":true,"href":"https:\/\/www.skatedeluxe.com\/blog\/fr\/wp-json\/wp\/v2\/users\/54"}],"replies":[{"embeddable":true,"href":"https:\/\/www.skatedeluxe.com\/blog\/fr\/wp-json\/wp\/v2\/comments?post=130276"}],"version-history":[{"count":9,"href":"https:\/\/www.skatedeluxe.com\/blog\/fr\/wp-json\/wp\/v2\/pages\/130276\/revisions"}],"predecessor-version":[{"id":143950,"href":"https:\/\/www.skatedeluxe.com\/blog\/fr\/wp-json\/wp\/v2\/pages\/130276\/revisions\/143950"}],"up":[{"embeddable":true,"href":"https:\/\/www.skatedeluxe.com\/blog\/fr\/wp-json\/wp\/v2\/pages\/129889"}],"wp:featuredmedia":[{"embeddable":true,"href":"https:\/\/www.skatedeluxe.com\/blog\/fr\/wp-json\/wp\/v2\/media\/117237"}],"wp:attachment":[{"href":"https:\/\/www.skatedeluxe.com\/blog\/fr\/wp-json\/wp\/v2\/media?parent=130276"}],"curies":[{"name":"wp","href":"https:\/\/api.w.org\/{rel}","templated":true}]}}