{"id":130896,"date":"2016-12-23T03:25:10","date_gmt":"2016-12-23T02:25:10","guid":{"rendered":"https:\/\/admin.skatedeluxe.com\/blog\/fr\/?page_id=130896"},"modified":"2018-05-09T12:23:08","modified_gmt":"2018-05-09T10:23:08","slug":"fakie-disaster","status":"publish","type":"page","link":"https:\/\/www.skatedeluxe.com\/blog\/fr\/trick-tips\/skateboard\/transition\/fakie-disaster\/","title":{"rendered":"Fakie Disaster &#8211; Skateboard Trick Tip"},"content":{"rendered":"<div class=\"post clearfix padding-bottom\">\r\n\t<div id=\"decks-allgemeines\" class=\"hide-for-small large-2 columns\">\r\n\t\t<div class=\"date-day\">Trick Tip<\/div>\r\n\t\t<div class=\"date-month\">Fakie Disaster<\/div>\r\n\t<\/div>\r\n\r\n\t<div class=\"large-10 columns\">\r\n\t\r\n\t\t<p>\r\n\t\tUn Fakie Disaster est fondamentalement un Rock to Fakie invers\u00e9. Ainsi, le mot \u00abFakie\u00bb dit d\u00e9j\u00e0 que vous allez vers l&#8217;arri\u00e8re tout en ex\u00e9cutant le trick. <\/p> <p> Donc, vous approchez du quarter pipe en arri\u00e8re plut\u00f4t que vers l&#8217;avant et vous sortez vers l&#8217;avant plut\u00f4t que vers l&#8217;arri\u00e8re. Celui-ci est une base absolue quand il s&#8217;agit de tricks de transition et chaque rider devrait avoir cela au menu\r\n.\r\n\t\t<\/p>\r\n\t\r\n\t\t<p>\r\n\t\tApprendre \u00e0 faire le Fakie Disaster!\r\n\t\t<\/p>\r\n\t\t\r\n\t<\/div>\r\n<\/div>\r\n\r\n<!-- .end of introduction -->\r\n\r\n<div class=\"post clearfix padding-bottom\">\r\n\t<div id=\"decks-allgemeines\" class=\"hide-for-small large-2 columns\">\r\n\t\t<div class=\"date-day\">Fakie Disaster<\/div>\r\n\t\t<div class=\"date-month\">Video<\/div>\r\n\t<\/div>\r\n \r\n\t<div class=\"large-10 columns\">\r\n\t\r\n\t\t<h2 class=\"margin-top margin-bottom\" align=\"center\">Fakie Disaster<\/h2>\r\n\t\t\r\n\t\t<div class=\"medium-12 small-12 columns\">\r\n\t\t<div class=\"medium-10 columns medium-centered medium-offset-1 columns margin-bottom\">\r\n\r\n\t\t<div class=\"flex-video\">\r\n\t\t\t<iframe width=\"1280\" height=\"720\" data-src=\"https:\/\/www.youtube-nocookie.com\/embed\/8-4mrt9U2kU\" frameborder=\"0\" allowfullscreen allow=\"autoplay; encrypted-media\"><\/iframe><noscript><iframe loading=\"lazy\" width=\"1280\" height=\"720\" src=\"https:\/\/www.youtube-nocookie.com\/embed\/8-4mrt9U2kU\" frameborder=\"0\" allowfullscreen allow=\"autoplay; encrypted-media\"><\/iframe><\/noscript>\r\n\t\t<\/div>\r\n\t\t\t<div class=\"ShariffSC\" style=\"shariff-shop\"><div class=\"shariff\" data-url=\"https:\/\/www.skatedeluxe.com\/blog\/fr\/trick-tips\/skateboard\/transition\/fakie-disaster\/\" data-title=\"Fakie Disaster &#8211; Skateboard Trick Tip\" data-services='[\"facebooklike\", \"facebook\"]' data-backend-url='\/shariff\/'><\/div><\/div> <!-- .Social Leiste unterhalb des Videos -->\r\n\t\t<\/div>\r\n\t\t<\/div>\r\n\t\t\r\n\t<\/div>\r\n<\/div>\r\n\r\n<!-- .end of video area -->\r\n\r\n<div class=\"post clearfix padding-bottom\">\r\n\t<div id=\"decks-allgemeines\" class=\"hide-for-small large-2 columns\">\r\n\t\t<div class=\"date-day\">Fakie Disaster<\/div>\r\n\t\t<div class=\"date-month\">S\u00e9quence<\/div>\r\n\t<\/div>\r\n\r\n\t<div class=\"large-10 columns\">\r\n\t\r\n\t\t<h2 class=\"margin-top margin-bottom\" align=\"center\">Trick Tip S\u00e9quence: Fakie Disaster<\/h2>\r\n\t\t\r\n\t\t<div class=\"medium-12 small-12 columns\">\r\n\t\t<div class=\"medium-10 columns medium-centered medium-offset-1 columns margin-bottom\">\r\n\t\t<div id=\"metaslider-id-121697\" style=\"max-width: 999px; margin: 0 auto;\" class=\"ml-slider-3-98-0 ml-slider-pro-2-6-6 metaslider metaslider-nivo metaslider-121697 ml-slider ms-theme-_theme_1463567531\" role=\"region\" aria-roledescription=\"Slideshow\" aria-label=\"Fakie Disaster - Trick Tip\" data-width=\"999\">\n    <div id=\"metaslider_container_121697\">\n        <div class='slider-wrapper theme-default'><div class='ribbon'><\/div><div id='metaslider_121697' class='nivoSlider'><img loading=\"lazy\" decoding=\"async\" width=\"999\" height=\"666\" src=\"\/blog\/wp-content\/uploads\/2016\/09\/trick-tip-fakie-disaster-1.jpg\" class=\"slider-121697 slide-121685\" alt=\"Skateboard Trick Fakie Disaster\" data-caption=\"\" data-thumb=\"\" title=\"Skateboard Trick Fakie Disaster\" rel=\"\" srcset=\"\/blog\/wp-content\/uploads\/2016\/09\/trick-tip-fakie-disaster-1.jpg 999w, \/blog\/wp-content\/uploads\/2016\/09\/trick-tip-fakie-disaster-1-600x400.jpg 600w, \/blog\/wp-content\/uploads\/2016\/09\/trick-tip-fakie-disaster-1-768x512.jpg 768w\" sizes=\"auto, (max-width: 999px) 100vw, 999px\" \/><img loading=\"lazy\" decoding=\"async\" width=\"999\" height=\"666\" src=\"\/blog\/wp-content\/uploads\/2016\/09\/trick-tip-fakie-disaster-2.jpg\" class=\"slider-121697 slide-121689\" alt=\"Skateboard Trick Fakie Disaster\" data-caption=\"\" data-thumb=\"\" title=\"Skateboard Trick Fakie Disaster\" rel=\"\" srcset=\"\/blog\/wp-content\/uploads\/2016\/09\/trick-tip-fakie-disaster-2.jpg 999w, \/blog\/wp-content\/uploads\/2016\/09\/trick-tip-fakie-disaster-2-600x400.jpg 600w, \/blog\/wp-content\/uploads\/2016\/09\/trick-tip-fakie-disaster-2-768x512.jpg 768w\" sizes=\"auto, (max-width: 999px) 100vw, 999px\" \/><img loading=\"lazy\" decoding=\"async\" width=\"999\" height=\"666\" src=\"\/blog\/wp-content\/uploads\/2016\/09\/trick-tip-fakie-disaster-3.jpg\" class=\"slider-121697 slide-121693\" alt=\"Skateboard Trick Fakie Disaster\" data-caption=\"\" data-thumb=\"\" title=\"Skateboard Trick Fakie Disaster\" rel=\"\" srcset=\"\/blog\/wp-content\/uploads\/2016\/09\/trick-tip-fakie-disaster-3.jpg 999w, \/blog\/wp-content\/uploads\/2016\/09\/trick-tip-fakie-disaster-3-600x400.jpg 600w, \/blog\/wp-content\/uploads\/2016\/09\/trick-tip-fakie-disaster-3-768x512.jpg 768w\" sizes=\"auto, (max-width: 999px) 100vw, 999px\" \/><img loading=\"lazy\" decoding=\"async\" width=\"999\" height=\"666\" src=\"\/blog\/wp-content\/uploads\/2016\/09\/trick-tip-fakie-disaster-4.jpg\" class=\"slider-121697 slide-121698\" alt=\"Skateboard Trick Fakie Disaster\" data-caption=\"\" data-thumb=\"\" title=\"Skateboard Trick Fakie Disaster\" rel=\"\" srcset=\"\/blog\/wp-content\/uploads\/2016\/09\/trick-tip-fakie-disaster-4.jpg 999w, \/blog\/wp-content\/uploads\/2016\/09\/trick-tip-fakie-disaster-4-600x400.jpg 600w, \/blog\/wp-content\/uploads\/2016\/09\/trick-tip-fakie-disaster-4-768x512.jpg 768w\" sizes=\"auto, (max-width: 999px) 100vw, 999px\" \/><img loading=\"lazy\" decoding=\"async\" width=\"999\" height=\"666\" src=\"\/blog\/wp-content\/uploads\/2016\/09\/trick-tip-fakie-disaster-5.jpg\" class=\"slider-121697 slide-121702\" alt=\"Skateboard Trick Fakie Disaster\" data-caption=\"\" data-thumb=\"\" title=\"Skateboard Trick Fakie Disaster\" rel=\"\" srcset=\"\/blog\/wp-content\/uploads\/2016\/09\/trick-tip-fakie-disaster-5.jpg 999w, \/blog\/wp-content\/uploads\/2016\/09\/trick-tip-fakie-disaster-5-600x400.jpg 600w, \/blog\/wp-content\/uploads\/2016\/09\/trick-tip-fakie-disaster-5-768x512.jpg 768w\" sizes=\"auto, (max-width: 999px) 100vw, 999px\" \/><img loading=\"lazy\" decoding=\"async\" width=\"999\" height=\"666\" src=\"\/blog\/wp-content\/uploads\/2016\/09\/trick-tip-fakie-disaster-6.jpg\" class=\"slider-121697 slide-121706\" alt=\"Skateboard Trick Fakie Disaster\" data-caption=\"\" data-thumb=\"\" title=\"Skateboard Trick Fakie Disaster\" rel=\"\" srcset=\"\/blog\/wp-content\/uploads\/2016\/09\/trick-tip-fakie-disaster-6.jpg 999w, \/blog\/wp-content\/uploads\/2016\/09\/trick-tip-fakie-disaster-6-600x400.jpg 600w, \/blog\/wp-content\/uploads\/2016\/09\/trick-tip-fakie-disaster-6-768x512.jpg 768w\" sizes=\"auto, (max-width: 999px) 100vw, 999px\" \/><img loading=\"lazy\" decoding=\"async\" width=\"999\" height=\"666\" src=\"\/blog\/wp-content\/uploads\/2016\/09\/trick-tip-fakie-disaster-7.jpg\" class=\"slider-121697 slide-121710\" alt=\"Skateboard Trick Fakie Disaster\" data-caption=\"\" data-thumb=\"\" title=\"Skateboard Trick Fakie Disaster\" rel=\"\" srcset=\"\/blog\/wp-content\/uploads\/2016\/09\/trick-tip-fakie-disaster-7.jpg 999w, \/blog\/wp-content\/uploads\/2016\/09\/trick-tip-fakie-disaster-7-600x400.jpg 600w, \/blog\/wp-content\/uploads\/2016\/09\/trick-tip-fakie-disaster-7-768x512.jpg 768w\" sizes=\"auto, (max-width: 999px) 100vw, 999px\" \/><img loading=\"lazy\" decoding=\"async\" width=\"999\" height=\"666\" src=\"\/blog\/wp-content\/uploads\/2016\/09\/trick-tip-fakie-disaster-8.jpg\" class=\"slider-121697 slide-121714\" alt=\"Skateboard Trick Fakie Disaster\" data-caption=\"\" data-thumb=\"\" title=\"Skateboard Trick Fakie Disaster\" rel=\"\" srcset=\"\/blog\/wp-content\/uploads\/2016\/09\/trick-tip-fakie-disaster-8.jpg 999w, \/blog\/wp-content\/uploads\/2016\/09\/trick-tip-fakie-disaster-8-600x400.jpg 600w, \/blog\/wp-content\/uploads\/2016\/09\/trick-tip-fakie-disaster-8-768x512.jpg 768w\" sizes=\"auto, (max-width: 999px) 100vw, 999px\" \/><img loading=\"lazy\" decoding=\"async\" width=\"999\" height=\"666\" src=\"\/blog\/wp-content\/uploads\/2016\/09\/trick-tip-fakie-disaster-9.jpg\" class=\"slider-121697 slide-121718\" alt=\"Skateboard Trick Fakie Disaster\" data-caption=\"\" data-thumb=\"\" title=\"Skateboard Trick Fakie Disaster\" rel=\"\" srcset=\"\/blog\/wp-content\/uploads\/2016\/09\/trick-tip-fakie-disaster-9.jpg 999w, \/blog\/wp-content\/uploads\/2016\/09\/trick-tip-fakie-disaster-9-600x400.jpg 600w, \/blog\/wp-content\/uploads\/2016\/09\/trick-tip-fakie-disaster-9-768x512.jpg 768w\" sizes=\"auto, (max-width: 999px) 100vw, 999px\" \/><img loading=\"lazy\" decoding=\"async\" width=\"999\" height=\"666\" src=\"\/blog\/wp-content\/uploads\/2016\/09\/trick-tip-fakie-disaster-10.jpg\" class=\"slider-121697 slide-121722\" alt=\"Skateboard Trick Fakie Disaster\" data-caption=\"\" data-thumb=\"\" title=\"Skateboard Trick Fakie Disaster\" rel=\"\" srcset=\"\/blog\/wp-content\/uploads\/2016\/09\/trick-tip-fakie-disaster-10.jpg 999w, \/blog\/wp-content\/uploads\/2016\/09\/trick-tip-fakie-disaster-10-600x400.jpg 600w, \/blog\/wp-content\/uploads\/2016\/09\/trick-tip-fakie-disaster-10-768x512.jpg 768w\" sizes=\"auto, (max-width: 999px) 100vw, 999px\" \/><img loading=\"lazy\" decoding=\"async\" width=\"999\" height=\"666\" src=\"\/blog\/wp-content\/uploads\/2016\/09\/trick-tip-fakie-disaster-11.jpg\" class=\"slider-121697 slide-121726\" alt=\"Skateboard Trick Fakie Disaster\" data-caption=\"\" data-thumb=\"\" title=\"Skateboard Trick Fakie Disaster\" rel=\"\" srcset=\"\/blog\/wp-content\/uploads\/2016\/09\/trick-tip-fakie-disaster-11.jpg 999w, \/blog\/wp-content\/uploads\/2016\/09\/trick-tip-fakie-disaster-11-600x400.jpg 600w, \/blog\/wp-content\/uploads\/2016\/09\/trick-tip-fakie-disaster-11-768x512.jpg 768w\" sizes=\"auto, (max-width: 999px) 100vw, 999px\" \/><img loading=\"lazy\" decoding=\"async\" width=\"999\" height=\"666\" src=\"\/blog\/wp-content\/uploads\/2016\/09\/trick-tip-fakie-disaster-12.jpg\" class=\"slider-121697 slide-121730\" alt=\"Skateboard Trick Fakie Disaster\" data-caption=\"\" data-thumb=\"\" title=\"Skateboard Trick Fakie Disaster\" rel=\"\" srcset=\"\/blog\/wp-content\/uploads\/2016\/09\/trick-tip-fakie-disaster-12.jpg 999w, \/blog\/wp-content\/uploads\/2016\/09\/trick-tip-fakie-disaster-12-600x400.jpg 600w, \/blog\/wp-content\/uploads\/2016\/09\/trick-tip-fakie-disaster-12-768x512.jpg 768w\" sizes=\"auto, (max-width: 999px) 100vw, 999px\" \/><\/div><\/div>\n        \n    <\/div>\n<\/div>\r\n\t\t<\/div>\r\n\t\t<\/div>\r\n\t\t\r\n\t<\/div>\r\n<\/div>\r\n\r\n<!-- .end of sequence -->\r\n\r\n<div class=\"post clearfix padding-bottom\">\r\n\t<div id=\"decks-allgemeines\" class=\"hide-for-small large-2 columns\">\r\n\t\t<div class=\"date-day\">Fakie Disaster<\/div>\r\n\t\t<div class=\"date-month\">Etape par Etape<\/div>\r\n\t<\/div>\r\n\r\n\t<div class=\"large-10 columns\">\r\n\t\r\n\t\t<h2 class=\"margin-top margin-bottom\" align=\"center\">Trick Tip Etape par Etape: Fakie Disaster<\/h2>\r\n\t\t\r\n\t\t<p align=\"center\"><small>Clickez pour \u00e9largir<\/small>\r\n\t\t\r\n\t\t<div class=\"medium-12 columns margin-bottom\">\r\n\t\t\t\r\n\t\t\t<div class=\"small-12 medium-5 columns\">\r\n\t\t\t\t<a title=\"Clickez pour \u00e9largir\" href=\"\/blog\/wp-content\/uploads\/2016\/09\/skateboard-trick-tip-fakie-disaster-2.jpg\" rel=\"lightbox[gallery-1] lightbox-0\">\r\n\t\t\t\t\t<img decoding=\"async\" src=\"data:image\/gif;base64,R0lGODlhAQABAIAAAAAAAP\/\/\/yH5BAEAAAAALAAAAAABAAEAAAIBRAA7\" data-src=\"\/blog\/wp-content\/uploads\/2016\/09\/skateboard-trick-tip-fakie-disaster-2-thumb.jpg\" alt=\"Skateboard Trick Fakie Disaster Feet Position\" \/><noscript><img decoding=\"async\" src=\"\/blog\/wp-content\/uploads\/2016\/09\/skateboard-trick-tip-fakie-disaster-2-thumb.jpg\" alt=\"Skateboard Trick Fakie Disaster Feet Position\" \/><\/noscript>\r\n\t\t\t\t<\/a>\t\t\t\r\n\t\t\t<\/div>\r\n\t\t\t\r\n\t\t\t<div class=\"small-12 medium-7 columns\">\r\n\t\t\t<p>\r\n\t\t\t<span class=\"h4\">1.<\/span>\r\n\t\t\tApprochez le quarter avec assez de vitesse pour que vos trucks puissent surmonter le coping, mais pas trop vite pour \u00e9viter de vous faire poppez au d\u00e9but.\r\n\t\t\t<\/p>\r\n\t\t\t<\/div>\r\n\t\t<\/div>\r\n\r\n\t\t\r\n\t\t<div class=\"medium-12 columns margin-bottom\">\r\n\t\t\r\n\t\t\t<!-- .jedes zweite Bild in diese DIV-Klasse -->\r\n\t\t\t<div class=\"small-12 medium-5 medium-push-7 columns\">\r\n\t\t\t\t<a title=\"Clickez pour \u00e9largir\" href=\"\/blog\/wp-content\/uploads\/2016\/09\/skateboard-trick-tip-fakie-disaster-10.jpg\" rel=\"lightbox[gallery-1] lightbox-1\">\r\n\t\t\t\t\t<img decoding=\"async\" src=\"data:image\/gif;base64,R0lGODlhAQABAIAAAAAAAP\/\/\/yH5BAEAAAAALAAAAAABAAEAAAIBRAA7\" data-src=\"\/blog\/wp-content\/uploads\/2016\/09\/skateboard-trick-tip-fakie-disaster-10-thumb.jpg\" alt=\"Skateboard Trick Fakie Disaster\" \/><noscript><img decoding=\"async\" src=\"\/blog\/wp-content\/uploads\/2016\/09\/skateboard-trick-tip-fakie-disaster-10-thumb.jpg\" alt=\"Skateboard Trick Fakie Disaster\" \/><\/noscript>\r\n\t\t\t\t<\/a>\t\t\t\t\r\n\t\t\t<\/div>\r\n\t\t\r\n\t\t\t<!-- .jeden zweiten Text in diese DIV-Klasse -->\r\n\t\t\t<div class=\"small-12 medium-7 medium-pull-5 columns\">\r\n\t\t\t<p>\r\n\t\t\t<span class=\"h4\">2.<\/span>\r\n\t\t\tIl y a juste un petit secret pour les Fakie Disasters. Lorsque vous approchez du quarter pipe en Fakie, mettez votre pied arri\u00e8re dans la poche du tail.\r\n\t\t\t<\/p>\r\n\t\t\t<\/div>\r\n\t\t\t\t\t\r\n\t\t<\/div>\r\n\t\t\r\n\t\t<div class=\"medium-12 columns margin-bottom\">\r\n\t\t\t\r\n\t\t\t<div class=\"small-12 medium-5 columns\">\r\n\t\t\t\t<a title=\"Clickez pour \u00e9largir\" href=\"\/blog\/wp-content\/uploads\/2016\/09\/skateboard-trick-tip-fakie-disaster-3.jpg\" rel=\"lightbox[gallery-1] lightbox-2\">\r\n\t\t\t\t\t<img decoding=\"async\" src=\"data:image\/gif;base64,R0lGODlhAQABAIAAAAAAAP\/\/\/yH5BAEAAAAALAAAAAABAAEAAAIBRAA7\" data-src=\"\/blog\/wp-content\/uploads\/2016\/09\/skateboard-trick-tip-fakie-disaster-3-thumb.jpg\" alt=\"Skateboard Trick Fakie Disaster\" \/><noscript><img decoding=\"async\" src=\"\/blog\/wp-content\/uploads\/2016\/09\/skateboard-trick-tip-fakie-disaster-3-thumb.jpg\" alt=\"Skateboard Trick Fakie Disaster\" \/><\/noscript>\r\n\t\t\t\t<\/a>\t\t\r\n\t\t\t<\/div>\r\n\t\t\t\r\n\t\t\t<div class=\"small-12 medium-7 columns\">\r\n\t\t\t<p>\r\n\t\t\t<span class=\"h4\">3.<\/span>\r\n\t\t\tVous faites cela parce que pour un Fakie Disaster vous ne voulez pas vraiment poppez votre board, mais la pousser un peu en avant lorsque vos roues touchent le coping. <\/p> <p> Donc, la board monte un peu au-dessus du coping et vous pouvez verrouiller le Disaster\r\n\t\t\t<\/p>\r\n\t\t\t<\/div>\r\n\t\t<\/div>\r\n\t\t\r\n\t\t<div class=\"medium-12 columns margin-bottom\">\r\n\t\t\r\n\t\t\t<div class=\"small-12 medium-5 medium-push-7 columns\">\r\n\t\t\t\t<a title=\"Clickez pour \u00e9largir\" href=\"\/blog\/wp-content\/uploads\/2016\/09\/skateboard-trick-tip-fakie-disaster-11.jpg\" rel=\"lightbox[gallery-1] lightbox-3\">\r\n\t\t\t\t\t<img decoding=\"async\" src=\"data:image\/gif;base64,R0lGODlhAQABAIAAAAAAAP\/\/\/yH5BAEAAAAALAAAAAABAAEAAAIBRAA7\" data-src=\"\/blog\/wp-content\/uploads\/2016\/09\/skateboard-trick-tip-fakie-disaster-11-thumb.jpg\" alt=\"Skateboard Trick Fakie Disaster\" \/><noscript><img decoding=\"async\" src=\"\/blog\/wp-content\/uploads\/2016\/09\/skateboard-trick-tip-fakie-disaster-11-thumb.jpg\" alt=\"Skateboard Trick Fakie Disaster\" \/><\/noscript>\r\n\t\t\t\t<\/a>\t\t\t\t\t\r\n\t\t\t<\/div>\r\n\t\t\r\n\t\t\t<div class=\"small-12 medium-7 medium-pull-5 columns\">\r\n\t\t\t<p>\r\n\t\t\t<span class=\"h4\">4.<\/span>\r\n\t\t\tUne fois que vous \u00eates verrouill\u00e9 essayer de garder votre Disaster \u00e9quilibr\u00e9 pour un peu de temps.\r\n\r\n\t\t\t<\/p>\r\n\t\t\t<\/div>\r\n\t\t<\/div>\r\n\t\t\r\n\t\t<div class=\"medium-12 columns margin-bottom\">\r\n\t\t\r\n\t\t\t<div class=\"medium-5 columns\">\r\n\t\t\t\t<a title=\"Clickez pour \u00e9largir\" href=\"\/blog\/wp-content\/uploads\/2016\/09\/skateboard-trick-tip-fakie-disaster-8.jpg\" rel=\"lightbox[gallery-1] lightbox-4\">\r\n\t\t\t\t\t<img decoding=\"async\" src=\"data:image\/gif;base64,R0lGODlhAQABAIAAAAAAAP\/\/\/yH5BAEAAAAALAAAAAABAAEAAAIBRAA7\" data-src=\"\/blog\/wp-content\/uploads\/2016\/09\/skateboard-trick-tip-fakie-disaster-8-thumb.jpg\" alt=\"Skateboard Trick Fakie Disaster\" \/><noscript><img decoding=\"async\" src=\"\/blog\/wp-content\/uploads\/2016\/09\/skateboard-trick-tip-fakie-disaster-8-thumb.jpg\" alt=\"Skateboard Trick Fakie Disaster\" \/><\/noscript>\r\n\t\t\t\t<\/a>\t\t\t\t\t\t\t\r\n\t\t\t<\/div>\r\n\t\t\t\r\n\t\t\t<div class=\"medium-7 columns\">\r\n\t\t\t<p>\r\n\t\t\t<span class=\"h4\">5.<\/span>\r\n\t\t\tPour terminer le trick, d\u00e9placez votre poids vers l&#8217;avant et laissez l&#8217;adaple coping en soulevant votre jambe arri\u00e8re et en laissant votre truck de derri\u00e8re hors du Disaster en appuyant sur le truck avant sur le quarter pipe.\r\n\t\t\t<\/p>\r\n\t\t\t<\/div>\r\n\t\t<\/div>\r\n\r\n\t<\/div>\r\n<\/div>\r\n<div class=\"post clearfix padding-bottom\">\r\n    <div id=\"decks-allgemeines\" class=\"hide-for-small large-2 columns\">\r\n   \t <div class=\"date-day\">Plus de Tricks<\/div>\r\n   \t <div class=\"date-month\">?<\/div>\r\n    <\/div>\r\n\r\n    <div class=\"large-10 columns\">\r\n    \r\n   \t <h3 class=\"margin-top margin-bottom\" align=\"center\">Quel prochain Trick?<\/h3>\r\n\t\t\r\n\t\t<p>\r\n\t\tSurtout si vous avez replaqu\u00e9 un autre trick de transition en Fakie, il est agr\u00e9able d&#8217;avoir le Fakie Disaster en suivant! Bonne chose que Fakie Disaster vous l&#8217;ayez verrouill\u00e9. <\/P> <p> Si vous voulez apprendre quelques autres tricks checker nos trick tips pour le flat. Si vous \u00eates plus dans les sessions de mini rampe, vous devriez checker notre section trick tips pour la transition. Si vous voulez apprendre un peu plus de grinds, passez par les trick tips pour le curb et le rail.\r\n\t\t<\/p>\r\n\t\t\r\n\t\t\t\t<div class=\"medium-12 small-12 columns\">\r\n            <a title=\"voir tous les trick tips de skateboard pour transitions\" href=\"\/blog\/fr\/trick-tips\/skateboard\/transition\/\" class=\"button-auto\">Skateboard Trick Tips | Transition<\/a>\r\n            <br><br>\r\n            \r\n            <div class=\"medium-6 small-12 columns\">\r\n            <a title=\"voir tous les tricks tips de skateboard pour curb &#038; rail\" href=\"\/blog\/fr\/trick-tips\/skateboard\/curb-rail\/\" class=\"button-auto\">Skateboard Trick Tips | Curb &#038; Rail<\/a>\r\n            <br><br>\r\n            <\/div>\r\n            \r\n            <div class=\"medium-6 small-12 columns\">\r\n            <a title=\"voir tous les tricks tips de skateboard pour flat\" href=\"\/blog\/fr\/trick-tips\/skateboard\/flat\/\" class=\"button-auto\">Skateboard Trick Tips | Flat<\/a>\r\n            <br><br>\r\n            <\/div>\r\n\t\t\t\r\n\t\t<\/div>\r\n\t\t\r\n\t\t\r\n\t<\/div>\r\n<\/div><div class=\"ShariffSC\" style=\"shariff-shop\"><div class=\"shariff\" data-url=\"https:\/\/www.skatedeluxe.com\/blog\/fr\/trick-tips\/skateboard\/transition\/fakie-disaster\/\" data-title=\"Fakie Disaster &#8211; Skateboard Trick Tip\" data-services='[\"facebooklike\", \"facebook\"]' data-backend-url='\/shariff\/'><\/div><\/div>","protected":false},"excerpt":{"rendered":"<p>Trick Tip Fakie Disaster Un Fakie Disaster est fondamentalement un Rock to Fakie invers\u00e9. Ainsi, le mot \u00abFakie\u00bb dit d\u00e9j\u00e0 que vous allez vers l&#8217;arri\u00e8re tout en ex\u00e9cutant le trick. Donc, vous approchez du quarter pipe en arri\u00e8re plut\u00f4t que vers l&#8217;avant et vous sortez vers l&#8217;avant plut\u00f4t que vers l&#8217;arri\u00e8re. Celui-ci est une base <a class=\"read-more\" href=\"https:\/\/www.skatedeluxe.com\/blog\/fr\/trick-tips\/skateboard\/transition\/fakie-disaster\/\">[&#8230;]<\/a><\/p>\n","protected":false},"author":24,"featured_media":120664,"parent":129895,"menu_order":5,"comment_status":"open","ping_status":"closed","template":"page-templates\/teasing-page.php","meta":{"footnotes":""},"class_list":["post-130896","page","type-page","status-publish","has-post-thumbnail","hentry"],"aioseo_notices":[],"amp_enabled":false,"_links":{"self":[{"href":"https:\/\/www.skatedeluxe.com\/blog\/fr\/wp-json\/wp\/v2\/pages\/130896","targetHints":{"allow":["GET"]}}],"collection":[{"href":"https:\/\/www.skatedeluxe.com\/blog\/fr\/wp-json\/wp\/v2\/pages"}],"about":[{"href":"https:\/\/www.skatedeluxe.com\/blog\/fr\/wp-json\/wp\/v2\/types\/page"}],"author":[{"embeddable":true,"href":"https:\/\/www.skatedeluxe.com\/blog\/fr\/wp-json\/wp\/v2\/users\/24"}],"replies":[{"embeddable":true,"href":"https:\/\/www.skatedeluxe.com\/blog\/fr\/wp-json\/wp\/v2\/comments?post=130896"}],"version-history":[{"count":7,"href":"https:\/\/www.skatedeluxe.com\/blog\/fr\/wp-json\/wp\/v2\/pages\/130896\/revisions"}],"predecessor-version":[{"id":144073,"href":"https:\/\/www.skatedeluxe.com\/blog\/fr\/wp-json\/wp\/v2\/pages\/130896\/revisions\/144073"}],"up":[{"embeddable":true,"href":"https:\/\/www.skatedeluxe.com\/blog\/fr\/wp-json\/wp\/v2\/pages\/129895"}],"wp:featuredmedia":[{"embeddable":true,"href":"https:\/\/www.skatedeluxe.com\/blog\/fr\/wp-json\/wp\/v2\/media\/120664"}],"wp:attachment":[{"href":"https:\/\/www.skatedeluxe.com\/blog\/fr\/wp-json\/wp\/v2\/media?parent=130896"}],"curies":[{"name":"wp","href":"https:\/\/api.w.org\/{rel}","templated":true}]}}