{"id":130903,"date":"2016-12-23T03:25:36","date_gmt":"2016-12-23T02:25:36","guid":{"rendered":"https:\/\/admin.skatedeluxe.com\/blog\/fr\/?page_id=130903"},"modified":"2018-05-09T13:43:09","modified_gmt":"2018-05-09T11:43:09","slug":"blunt-to-fakie","status":"publish","type":"page","link":"https:\/\/www.skatedeluxe.com\/blog\/fr\/trick-tips\/skateboard\/transition\/blunt-to-fakie\/","title":{"rendered":"Blunt to Fakie &#8211; Skateboard Trick Tip"},"content":{"rendered":"<div class=\"post clearfix padding-bottom\">\r\n\t<div id=\"decks-allgemeines\" class=\"hide-for-small large-2 columns\">\r\n\t\t<div class=\"date-day\">Trick Tip<\/div>\r\n\t\t<div class=\"date-month\">Blunt to Fakie<\/div>\r\n\t<\/div>\r\n\r\n\t<div class=\"large-10 columns\">\r\n\t\r\n\t\t<p>\r\n\t\tLe Blunt to Fakie est un trick de quarter pipe certainement plus avanc\u00e9 o\u00f9 vous avez besoin de beaucoup de contr\u00f4le de board. C&#8217;est une bonne aide d\u2019avoir d\u00e9j\u00e0 v\u00e9rouill\u00e9 le Pivot to Fakie ou au moins vous devriez avoir essay\u00e9 Blunt Stall sur un petit curb. <\/p> <p> En plus de cela, il est \u00e9l\u00e9mentaire d&#8217;avoir un bon feeling de tricks dans les transitions et d\u00e9j\u00e0 de se sentir en s\u00e9curit\u00e9. Une fois ma\u00eetris\u00e9 ce trick vous obtiendra beaucoup de props dans le skatepark et est toujours beau\r\n\t\t<\/p>\r\n\t\r\n\t\t<p>\r\n\t\tApprenez ici \u00e0 faire un Blunt to Fakie!\r\n\t\t<\/p>\r\n\t\t\r\n\t<\/div>\r\n<\/div>\r\n\r\n<!-- .end of introduction -->\r\n\r\n<div class=\"post clearfix padding-bottom\">\r\n\t<div id=\"decks-allgemeines\" class=\"hide-for-small large-2 columns\">\r\n\t\t<div class=\"date-day\">Blunt to Fakie<\/div>\r\n\t\t<div class=\"date-month\">Video<\/div>\r\n\t<\/div>\r\n \r\n\t<div class=\"large-10 columns\">\r\n\t\r\n\t\t<h2 class=\"margin-top margin-bottom\" align=\"center\">Blunt to Fakie<\/h2>\r\n\t\t\r\n\t\t<div class=\"medium-12 small-12 columns\">\r\n\t\t<div class=\"medium-10 columns medium-centered medium-offset-1 columns margin-bottom\">\r\n\r\n\t\t<div class=\"flex-video\">\r\n\t\t\t<iframe width=\"1280\" height=\"720\" data-src=\"https:\/\/www.youtube-nocookie.com\/embed\/RVmIQHiw5sE\" frameborder=\"0\" allowfullscreen allow=\"autoplay; encrypted-media\"><\/iframe><noscript><iframe loading=\"lazy\" width=\"1280\" height=\"720\" src=\"https:\/\/www.youtube-nocookie.com\/embed\/RVmIQHiw5sE\" frameborder=\"0\" allowfullscreen allow=\"autoplay; encrypted-media\"><\/iframe><\/noscript>\r\n\t\t<\/div>\r\n\t\t\t<div class=\"ShariffSC\" style=\"shariff-shop\"><div class=\"shariff\" data-url=\"https:\/\/www.skatedeluxe.com\/blog\/fr\/trick-tips\/skateboard\/transition\/blunt-to-fakie\/\" data-title=\"Blunt to Fakie &#8211; Skateboard Trick Tip\" data-services='[\"facebooklike\", \"facebook\"]' data-backend-url='\/shariff\/'><\/div><\/div> <!-- .Social Leiste unterhalb des Videos -->\r\n\t\t<\/div>\r\n\t\t<\/div>\r\n\t\t\r\n\t<\/div>\r\n<\/div>\r\n\r\n<!-- .end of video area -->\r\n\r\n<div class=\"post clearfix padding-bottom\">\r\n\t<div id=\"decks-allgemeines\" class=\"hide-for-small large-2 columns\">\r\n\t\t<div class=\"date-day\">Blunt to Fakie<\/div>\r\n\t\t<div class=\"date-month\">S\u00e9quence<\/div>\r\n\t<\/div>\r\n\r\n\t<div class=\"large-10 columns\">\r\n\t\r\n\t\t<h2 class=\"margin-top margin-bottom\" align=\"center\">Trick Tip S\u00e9quence: Blunt to Fakie<\/h2>\r\n\t\t\r\n\t\t<div class=\"medium-12 small-12 columns\">\r\n\t\t<div class=\"medium-10 columns medium-centered medium-offset-1 columns margin-bottom\">\r\n\t\t<div id=\"metaslider-id-121889\" style=\"max-width: 999px; margin: 0 auto;\" class=\"ml-slider-3-98-0 ml-slider-pro-2-6-6 metaslider metaslider-nivo metaslider-121889 ml-slider ms-theme-_theme_1463567531\" role=\"region\" aria-roledescription=\"Slideshow\" aria-label=\"Blunt To Fakie - Trick Tip\" data-width=\"999\">\n    <div id=\"metaslider_container_121889\">\n        <div class='slider-wrapper theme-default'><div class='ribbon'><\/div><div id='metaslider_121889' class='nivoSlider'><img loading=\"lazy\" decoding=\"async\" width=\"999\" height=\"666\" src=\"\/blog\/wp-content\/uploads\/2016\/09\/trick-tip-blunt-to-fakie-1.jpg\" class=\"slider-121889 slide-121821\" alt=\"Skateboard Trick Blunt To Fakie\" data-caption=\"\" data-thumb=\"\" title=\"Skateboard Trick Blunt To Fakie\" rel=\"\" srcset=\"\/blog\/wp-content\/uploads\/2016\/09\/trick-tip-blunt-to-fakie-1.jpg 999w, \/blog\/wp-content\/uploads\/2016\/09\/trick-tip-blunt-to-fakie-1-600x400.jpg 600w, \/blog\/wp-content\/uploads\/2016\/09\/trick-tip-blunt-to-fakie-1-768x512.jpg 768w\" sizes=\"auto, (max-width: 999px) 100vw, 999px\" \/><img loading=\"lazy\" decoding=\"async\" width=\"999\" height=\"666\" src=\"\/blog\/wp-content\/uploads\/2016\/09\/trick-tip-blunt-to-fakie-2.jpg\" class=\"slider-121889 slide-121825\" alt=\"Skateboard Trick Blunt To Fakie\" data-caption=\"\" data-thumb=\"\" title=\"Skateboard Trick Blunt To Fakie\" rel=\"\" srcset=\"\/blog\/wp-content\/uploads\/2016\/09\/trick-tip-blunt-to-fakie-2.jpg 999w, \/blog\/wp-content\/uploads\/2016\/09\/trick-tip-blunt-to-fakie-2-600x400.jpg 600w, \/blog\/wp-content\/uploads\/2016\/09\/trick-tip-blunt-to-fakie-2-768x512.jpg 768w\" sizes=\"auto, (max-width: 999px) 100vw, 999px\" \/><img loading=\"lazy\" decoding=\"async\" width=\"999\" height=\"666\" src=\"\/blog\/wp-content\/uploads\/2016\/09\/trick-tip-blunt-to-fakie-3.jpg\" class=\"slider-121889 slide-121829\" alt=\"Skateboard Trick Blunt To Fakie\" data-caption=\"\" data-thumb=\"\" title=\"Skateboard Trick Blunt To Fakie\" rel=\"\" srcset=\"\/blog\/wp-content\/uploads\/2016\/09\/trick-tip-blunt-to-fakie-3.jpg 999w, \/blog\/wp-content\/uploads\/2016\/09\/trick-tip-blunt-to-fakie-3-600x400.jpg 600w, \/blog\/wp-content\/uploads\/2016\/09\/trick-tip-blunt-to-fakie-3-768x512.jpg 768w\" sizes=\"auto, (max-width: 999px) 100vw, 999px\" \/><img loading=\"lazy\" decoding=\"async\" width=\"999\" height=\"666\" src=\"\/blog\/wp-content\/uploads\/2016\/09\/trick-tip-blunt-to-fakie-4.jpg\" class=\"slider-121889 slide-121833\" alt=\"Skateboard Trick Blunt To Fakie\" data-caption=\"\" data-thumb=\"\" title=\"Skateboard Trick Blunt To Fakie\" rel=\"\" srcset=\"\/blog\/wp-content\/uploads\/2016\/09\/trick-tip-blunt-to-fakie-4.jpg 999w, \/blog\/wp-content\/uploads\/2016\/09\/trick-tip-blunt-to-fakie-4-600x400.jpg 600w, \/blog\/wp-content\/uploads\/2016\/09\/trick-tip-blunt-to-fakie-4-768x512.jpg 768w\" sizes=\"auto, (max-width: 999px) 100vw, 999px\" \/><img loading=\"lazy\" decoding=\"async\" width=\"999\" height=\"666\" src=\"\/blog\/wp-content\/uploads\/2016\/09\/trick-tip-blunt-to-fakie-5.jpg\" class=\"slider-121889 slide-121837\" alt=\"Skateboard Trick Blunt To Fakie\" data-caption=\"\" data-thumb=\"\" title=\"Skateboard Trick Blunt To Fakie\" rel=\"\" srcset=\"\/blog\/wp-content\/uploads\/2016\/09\/trick-tip-blunt-to-fakie-5.jpg 999w, \/blog\/wp-content\/uploads\/2016\/09\/trick-tip-blunt-to-fakie-5-600x400.jpg 600w, \/blog\/wp-content\/uploads\/2016\/09\/trick-tip-blunt-to-fakie-5-768x512.jpg 768w\" sizes=\"auto, (max-width: 999px) 100vw, 999px\" \/><img loading=\"lazy\" decoding=\"async\" width=\"999\" height=\"666\" src=\"\/blog\/wp-content\/uploads\/2016\/09\/trick-tip-blunt-to-fakie-6.jpg\" class=\"slider-121889 slide-121841\" alt=\"Skateboard Trick Blunt To Fakie\" data-caption=\"\" data-thumb=\"\" title=\"Skateboard Trick Blunt To Fakie\" rel=\"\" srcset=\"\/blog\/wp-content\/uploads\/2016\/09\/trick-tip-blunt-to-fakie-6.jpg 999w, \/blog\/wp-content\/uploads\/2016\/09\/trick-tip-blunt-to-fakie-6-600x400.jpg 600w, \/blog\/wp-content\/uploads\/2016\/09\/trick-tip-blunt-to-fakie-6-768x512.jpg 768w\" sizes=\"auto, (max-width: 999px) 100vw, 999px\" \/><img loading=\"lazy\" decoding=\"async\" width=\"999\" height=\"666\" src=\"\/blog\/wp-content\/uploads\/2016\/09\/trick-tip-blunt-to-fakie-7.jpg\" class=\"slider-121889 slide-121845\" alt=\"Skateboard Trick Blunt To Fakie\" data-caption=\"\" data-thumb=\"\" title=\"Skateboard Trick Blunt To Fakie\" rel=\"\" srcset=\"\/blog\/wp-content\/uploads\/2016\/09\/trick-tip-blunt-to-fakie-7.jpg 999w, \/blog\/wp-content\/uploads\/2016\/09\/trick-tip-blunt-to-fakie-7-600x400.jpg 600w, \/blog\/wp-content\/uploads\/2016\/09\/trick-tip-blunt-to-fakie-7-768x512.jpg 768w\" sizes=\"auto, (max-width: 999px) 100vw, 999px\" \/><img loading=\"lazy\" decoding=\"async\" width=\"999\" height=\"666\" src=\"\/blog\/wp-content\/uploads\/2016\/09\/trick-tip-blunt-to-fakie-8.jpg\" class=\"slider-121889 slide-121849\" alt=\"Skateboard Trick Blunt To Fakie\" data-caption=\"\" data-thumb=\"\" title=\"Skateboard Trick Blunt To Fakie\" rel=\"\" srcset=\"\/blog\/wp-content\/uploads\/2016\/09\/trick-tip-blunt-to-fakie-8.jpg 999w, \/blog\/wp-content\/uploads\/2016\/09\/trick-tip-blunt-to-fakie-8-600x400.jpg 600w, \/blog\/wp-content\/uploads\/2016\/09\/trick-tip-blunt-to-fakie-8-768x512.jpg 768w\" sizes=\"auto, (max-width: 999px) 100vw, 999px\" \/><img loading=\"lazy\" decoding=\"async\" width=\"999\" height=\"666\" src=\"\/blog\/wp-content\/uploads\/2016\/09\/trick-tip-blunt-to-fakie-9.jpg\" class=\"slider-121889 slide-121853\" alt=\"Skateboard Trick Blunt To Fakie\" data-caption=\"\" data-thumb=\"\" title=\"Skateboard Trick Blunt To Fakie\" rel=\"\" srcset=\"\/blog\/wp-content\/uploads\/2016\/09\/trick-tip-blunt-to-fakie-9.jpg 999w, \/blog\/wp-content\/uploads\/2016\/09\/trick-tip-blunt-to-fakie-9-600x400.jpg 600w, \/blog\/wp-content\/uploads\/2016\/09\/trick-tip-blunt-to-fakie-9-768x512.jpg 768w\" sizes=\"auto, (max-width: 999px) 100vw, 999px\" \/><img loading=\"lazy\" decoding=\"async\" width=\"999\" height=\"666\" src=\"\/blog\/wp-content\/uploads\/2016\/09\/trick-tip-blunt-to-fakie-10.jpg\" class=\"slider-121889 slide-121857\" alt=\"Skateboard Trick Blunt To Fakie\" data-caption=\"\" data-thumb=\"\" title=\"Skateboard Trick Blunt To Fakie\" rel=\"\" srcset=\"\/blog\/wp-content\/uploads\/2016\/09\/trick-tip-blunt-to-fakie-10.jpg 999w, \/blog\/wp-content\/uploads\/2016\/09\/trick-tip-blunt-to-fakie-10-600x400.jpg 600w, \/blog\/wp-content\/uploads\/2016\/09\/trick-tip-blunt-to-fakie-10-768x512.jpg 768w\" sizes=\"auto, (max-width: 999px) 100vw, 999px\" \/><img loading=\"lazy\" decoding=\"async\" width=\"999\" height=\"666\" src=\"\/blog\/wp-content\/uploads\/2016\/09\/trick-tip-blunt-to-fakie-11.jpg\" class=\"slider-121889 slide-121861\" alt=\"Skateboard Trick Blunt To Fakie\" data-caption=\"\" data-thumb=\"\" title=\"Skateboard Trick Blunt To Fakie\" rel=\"\" srcset=\"\/blog\/wp-content\/uploads\/2016\/09\/trick-tip-blunt-to-fakie-11.jpg 999w, \/blog\/wp-content\/uploads\/2016\/09\/trick-tip-blunt-to-fakie-11-600x400.jpg 600w, \/blog\/wp-content\/uploads\/2016\/09\/trick-tip-blunt-to-fakie-11-768x512.jpg 768w\" sizes=\"auto, (max-width: 999px) 100vw, 999px\" \/><img loading=\"lazy\" decoding=\"async\" width=\"999\" height=\"666\" src=\"\/blog\/wp-content\/uploads\/2016\/09\/trick-tip-blunt-to-fakie-12.jpg\" class=\"slider-121889 slide-121865\" alt=\"Skateboard Trick Blunt To Fakie\" data-caption=\"\" data-thumb=\"\" title=\"Skateboard Trick Blunt To Fakie\" rel=\"\" srcset=\"\/blog\/wp-content\/uploads\/2016\/09\/trick-tip-blunt-to-fakie-12.jpg 999w, \/blog\/wp-content\/uploads\/2016\/09\/trick-tip-blunt-to-fakie-12-600x400.jpg 600w, \/blog\/wp-content\/uploads\/2016\/09\/trick-tip-blunt-to-fakie-12-768x512.jpg 768w\" sizes=\"auto, (max-width: 999px) 100vw, 999px\" \/><img loading=\"lazy\" decoding=\"async\" width=\"999\" height=\"666\" src=\"\/blog\/wp-content\/uploads\/2016\/09\/trick-tip-blunt-to-fakie-13.jpg\" class=\"slider-121889 slide-121869\" alt=\"Skateboard Trick Blunt To Fakie\" data-caption=\"\" data-thumb=\"\" title=\"Skateboard Trick Blunt To Fakie\" rel=\"\" srcset=\"\/blog\/wp-content\/uploads\/2016\/09\/trick-tip-blunt-to-fakie-13.jpg 999w, \/blog\/wp-content\/uploads\/2016\/09\/trick-tip-blunt-to-fakie-13-600x400.jpg 600w, \/blog\/wp-content\/uploads\/2016\/09\/trick-tip-blunt-to-fakie-13-768x512.jpg 768w\" sizes=\"auto, (max-width: 999px) 100vw, 999px\" \/><img loading=\"lazy\" decoding=\"async\" width=\"999\" height=\"666\" src=\"\/blog\/wp-content\/uploads\/2016\/09\/trick-tip-blunt-to-fakie-14.jpg\" class=\"slider-121889 slide-121873\" alt=\"Skateboard Trick Blunt To Fakie\" data-caption=\"\" data-thumb=\"\" title=\"Skateboard Trick Blunt To Fakie\" rel=\"\" srcset=\"\/blog\/wp-content\/uploads\/2016\/09\/trick-tip-blunt-to-fakie-14.jpg 999w, \/blog\/wp-content\/uploads\/2016\/09\/trick-tip-blunt-to-fakie-14-600x400.jpg 600w, \/blog\/wp-content\/uploads\/2016\/09\/trick-tip-blunt-to-fakie-14-768x512.jpg 768w\" sizes=\"auto, (max-width: 999px) 100vw, 999px\" \/><img loading=\"lazy\" decoding=\"async\" width=\"999\" height=\"666\" src=\"\/blog\/wp-content\/uploads\/2016\/09\/trick-tip-blunt-to-fakie-15.jpg\" class=\"slider-121889 slide-121877\" alt=\"Skateboard Trick Blunt To Fakie\" data-caption=\"\" data-thumb=\"\" title=\"Skateboard Trick Blunt To Fakie\" rel=\"\" srcset=\"\/blog\/wp-content\/uploads\/2016\/09\/trick-tip-blunt-to-fakie-15.jpg 999w, \/blog\/wp-content\/uploads\/2016\/09\/trick-tip-blunt-to-fakie-15-600x400.jpg 600w, \/blog\/wp-content\/uploads\/2016\/09\/trick-tip-blunt-to-fakie-15-768x512.jpg 768w\" sizes=\"auto, (max-width: 999px) 100vw, 999px\" \/><img loading=\"lazy\" decoding=\"async\" width=\"999\" height=\"666\" src=\"\/blog\/wp-content\/uploads\/2016\/09\/trick-tip-blunt-to-fakie-16.jpg\" class=\"slider-121889 slide-121881\" alt=\"Skateboard Trick Blunt To Fakie\" data-caption=\"\" data-thumb=\"\" title=\"Skateboard Trick Blunt To Fakie\" rel=\"\" srcset=\"\/blog\/wp-content\/uploads\/2016\/09\/trick-tip-blunt-to-fakie-16.jpg 999w, \/blog\/wp-content\/uploads\/2016\/09\/trick-tip-blunt-to-fakie-16-600x400.jpg 600w, \/blog\/wp-content\/uploads\/2016\/09\/trick-tip-blunt-to-fakie-16-768x512.jpg 768w\" sizes=\"auto, (max-width: 999px) 100vw, 999px\" \/><img loading=\"lazy\" decoding=\"async\" width=\"999\" height=\"666\" src=\"\/blog\/wp-content\/uploads\/2016\/09\/trick-tip-blunt-to-fakie-17.jpg\" class=\"slider-121889 slide-121885\" alt=\"Skateboard Trick Blunt To Fakie\" data-caption=\"\" data-thumb=\"\" title=\"Skateboard Trick Blunt To Fakie\" rel=\"\" srcset=\"\/blog\/wp-content\/uploads\/2016\/09\/trick-tip-blunt-to-fakie-17.jpg 999w, \/blog\/wp-content\/uploads\/2016\/09\/trick-tip-blunt-to-fakie-17-600x400.jpg 600w, \/blog\/wp-content\/uploads\/2016\/09\/trick-tip-blunt-to-fakie-17-768x512.jpg 768w\" sizes=\"auto, (max-width: 999px) 100vw, 999px\" \/><\/div><\/div>\n        \n    <\/div>\n<\/div>\r\n\t\t<\/div>\r\n\t\t<\/div>\r\n\t\t\r\n\t<\/div>\r\n<\/div>\r\n\r\n<!-- .end of sequence -->\r\n\r\n<div class=\"post clearfix padding-bottom\">\r\n\t<div id=\"decks-allgemeines\" class=\"hide-for-small large-2 columns\">\r\n\t\t<div class=\"date-day\">Blunt to Fakie<\/div>\r\n\t\t<div class=\"date-month\">Etape par Etape<\/div>\r\n\t<\/div>\r\n\r\n\t<div class=\"large-10 columns\">\r\n\t\r\n\t\t<h2 class=\"margin-top margin-bottom\" align=\"center\">Trick Tip Etape par Etape: Blunt to Fakie<\/h2>\r\n\t\t\r\n\t\t<p align=\"center\"><small>Clickez pour \u00e9largir<\/small>\r\n\t\t\r\n\t\t<div class=\"medium-12 columns margin-bottom\">\r\n\t\t\t\r\n\t\t\t<div class=\"small-12 medium-5 columns\">\r\n\t\t\t\t<a title=\"Clickez pour \u00e9largir\" href=\"\/blog\/wp-content\/uploads\/2016\/09\/skateboard-trick-tip-blunt-to-fakie-1.jpg\" rel=\"lightbox[gallery-1] lightbox-0\">\r\n\t\t\t\t\t<img decoding=\"async\" src=\"data:image\/gif;base64,R0lGODlhAQABAIAAAAAAAP\/\/\/yH5BAEAAAAALAAAAAABAAEAAAIBRAA7\" data-src=\"\/blog\/wp-content\/uploads\/2016\/09\/skateboard-trick-tip-blunt-to-fakie-1-thumb.jpg\" alt=\"Skateboard Trick Blunt to Fakie Feet Position\" \/><noscript><img decoding=\"async\" src=\"\/blog\/wp-content\/uploads\/2016\/09\/skateboard-trick-tip-blunt-to-fakie-1-thumb.jpg\" alt=\"Skateboard Trick Blunt to Fakie Feet Position\" \/><\/noscript>\r\n\t\t\t\t<\/a>\t\t\t\r\n\t\t\t<\/div>\r\n\t\t\t\r\n\t\t\t<div class=\"small-12 medium-7 columns\">\r\n\t\t\t<p>\r\n\t\t\t<span class=\"h4\">1.<\/span>\r\n\t\t\tApprochez d\u2019un quarter pipe avec assez de vitesse et mettez vos pieds dans la position du Ollie. <\/p> <p> Faites glisser votre poids vers l&#8217;arri\u00e8re un peu de temps avant que votre planche n&#8217;atteigne le coping.\r\n\t\t\t<\/p>\r\n\t\t\t<\/div>\r\n\t\t<\/div>\r\n\r\n\t\t\r\n\t\t<div class=\"medium-12 columns margin-bottom\">\r\n\t\t\r\n\t\t\t<!-- .jedes zweite Bild in diese DIV-Klasse -->\r\n\t\t\t<div class=\"small-12 medium-5 medium-push-7 columns\">\r\n\t\t\t\t<a title=\"Clickez pour \u00e9largir\" href=\"\/blog\/wp-content\/uploads\/2016\/09\/skateboard-trick-tip-blunt-to-fakie-2.jpg\" rel=\"lightbox[gallery-1] lightbox-1\">\r\n\t\t\t\t\t<img decoding=\"async\" src=\"data:image\/gif;base64,R0lGODlhAQABAIAAAAAAAP\/\/\/yH5BAEAAAAALAAAAAABAAEAAAIBRAA7\" data-src=\"\/blog\/wp-content\/uploads\/2016\/09\/skateboard-trick-tip-blunt-to-fakie-2-thumb.jpg\" alt=\"Skateboard Trick Blunt to Fakie\" \/><noscript><img decoding=\"async\" src=\"\/blog\/wp-content\/uploads\/2016\/09\/skateboard-trick-tip-blunt-to-fakie-2-thumb.jpg\" alt=\"Skateboard Trick Blunt to Fakie\" \/><\/noscript>\r\n\t\t\t\t<\/a>\t\t\t\t\r\n\t\t\t<\/div>\r\n\t\t\r\n\t\t\t<!-- .jeden zweiten Text in diese DIV-Klasse -->\r\n\t\t\t<div class=\"small-12 medium-7 medium-pull-5 columns\">\r\n\t\t\t<p>\r\n\t\t\t<span class=\"h4\">2.<\/span>\r\n\t\t\tAu moment o\u00f9 votre truck arri\u00e8re quitte le quarter pipe, mettez votre poids sur le tail de sorte que vous verrouill\u00e9 votre tail et les roues arri\u00e8re au dessus du coping.\r\n\t\t\t<\/p>\r\n\t\t\t<\/div>\r\n\t\t\t\t\t\r\n\t\t<\/div>\r\n\t\t\r\n\t\t<div class=\"medium-12 columns margin-bottom\">\r\n\t\t\t\r\n\t\t\t<div class=\"small-12 medium-5 columns\">\r\n\t\t\t\t<a title=\"Clickez pour \u00e9largir\" href=\"\/blog\/wp-content\/uploads\/2016\/09\/skateboard-trick-tip-blunt-to-fakie-3.jpg\" rel=\"lightbox[gallery-1] lightbox-2\">\r\n\t\t\t\t\t<img decoding=\"async\" src=\"data:image\/gif;base64,R0lGODlhAQABAIAAAAAAAP\/\/\/yH5BAEAAAAALAAAAAABAAEAAAIBRAA7\" data-src=\"\/blog\/wp-content\/uploads\/2016\/09\/skateboard-trick-tip-blunt-to-fakie-3-thumb.jpg\" alt=\"Skateboard Trick Blunt to Fakie\" \/><noscript><img decoding=\"async\" src=\"\/blog\/wp-content\/uploads\/2016\/09\/skateboard-trick-tip-blunt-to-fakie-3-thumb.jpg\" alt=\"Skateboard Trick Blunt to Fakie\" \/><\/noscript>\r\n\t\t\t\t<\/a>\t\t\r\n\t\t\t<\/div>\r\n\t\t\t\r\n\t\t\t<div class=\"small-12 medium-7 columns\">\r\n\t\t\t<p>\r\n\t\t\t<span class=\"h4\">3.<\/span>\r\n\t\t\tAssurez-vous de vous pencher en arri\u00e8re avec votre poids sur votre truck arri\u00e8re et essayez de garder la board aussi verticale que possible afin que vous ne slidiez pas hors du stall.\r\n\t\t\t<\/p>\r\n\t\t\t<\/div>\r\n\t\t<\/div>\r\n\t\t\r\n\t\t<div class=\"medium-12 columns margin-bottom\">\r\n\t\t\r\n\t\t\t<div class=\"small-12 medium-5 medium-push-7 columns\">\r\n\t\t\t\t<a title=\"Clickez pour \u00e9largir\" href=\"\/blog\/wp-content\/uploads\/2016\/09\/skateboard-trick-tip-blunt-to-fakie-4.jpg\" rel=\"lightbox[gallery-1] lightbox-3\">\r\n\t\t\t\t\t<img decoding=\"async\" src=\"data:image\/gif;base64,R0lGODlhAQABAIAAAAAAAP\/\/\/yH5BAEAAAAALAAAAAABAAEAAAIBRAA7\" data-src=\"\/blog\/wp-content\/uploads\/2016\/09\/skateboard-trick-tip-blunt-to-fakie-4-thumb.jpg\" alt=\"Skateboard Trick Blunt to Fakie\" \/><noscript><img decoding=\"async\" src=\"\/blog\/wp-content\/uploads\/2016\/09\/skateboard-trick-tip-blunt-to-fakie-4-thumb.jpg\" alt=\"Skateboard Trick Blunt to Fakie\" \/><\/noscript>\r\n\t\t\t\t<\/a>\t\t\t\t\t\r\n\t\t\t<\/div>\r\n\t\t\r\n\t\t\t<div class=\"small-12 medium-7 medium-pull-5 columns\">\r\n\t\t\t<p>\r\n\t\t\t<span class=\"h4\">4.<\/span>\r\n\t\t\tMaintenant, il est temps pour la partie la plus difficile, le Pop Out de nouveau dans le quarter. Poussez vers le bas sur le tail de votre board et faites le mouvement de Ollie. \t\r\n\t\t\t<\/p>\r\n\t\t\t<\/div>\r\n\t\t<\/div>\r\n\t\t\r\n\t\t<div class=\"medium-12 columns margin-bottom\">\r\n\t\t\r\n\t\t\t<div class=\"medium-5 columns\">\r\n\t\t\t\t<a title=\"Clickez pour \u00e9largir\" href=\"\/blog\/wp-content\/uploads\/2016\/09\/skateboard-trick-tip-blunt-to-fakie-6.jpg\" rel=\"lightbox[gallery-1] lightbox-4\">\r\n\t\t\t\t\t<img decoding=\"async\" src=\"data:image\/gif;base64,R0lGODlhAQABAIAAAAAAAP\/\/\/yH5BAEAAAAALAAAAAABAAEAAAIBRAA7\" data-src=\"\/blog\/wp-content\/uploads\/2016\/09\/skateboard-trick-tip-blunt-to-fakie-6-thumb.jpg\" alt=\"Skateboard Trick Blunt to Fakie\" \/><noscript><img decoding=\"async\" src=\"\/blog\/wp-content\/uploads\/2016\/09\/skateboard-trick-tip-blunt-to-fakie-6-thumb.jpg\" alt=\"Skateboard Trick Blunt to Fakie\" \/><\/noscript>\r\n\t\t\t\t<\/a>\t\t\t\t\t\t\t\r\n\t\t\t<\/div>\r\n\t\t\t\r\n\t\t\t<div class=\"medium-7 columns\">\r\n\t\t\t<p>\r\n\t\t\t<span class=\"h4\">5.<\/span>\r\n\t\t\tEssayez de popper loin du coping de sorte que vous \u00eates en mesure d&#8217;atterrir avec les deux trucks dans le quarter afin que vous n\u2019accrochiez pas. \r\n\t\t\t<\/p>\r\n\t\t\t<\/div>\r\n\t\t<\/div>\r\n\r\n\t<\/div>\r\n<\/div>\r\n<div class=\"post clearfix padding-bottom\">\r\n    <div id=\"decks-allgemeines\" class=\"hide-for-small large-2 columns\">\r\n   \t <div class=\"date-day\">Plus de Tricks<\/div>\r\n   \t <div class=\"date-month\">?<\/div>\r\n    <\/div>\r\n\r\n    <div class=\"large-10 columns\">\r\n    \r\n   \t <h3 class=\"margin-top margin-bottom\" align=\"center\">Quel prochain Trick?<\/h3>\r\n\t\t\r\n\t\t<p>\r\n\t\tVous l\u2019avez? Avec le Blunt to Fakie vous serez le gagnant des prochaines sessions de mini rampe<\/p> <p>Et maintenant on ajoute un spin? C\u2019est parti pour un BS Disaster! Si vous voulez apprendre quelques autres tricks checker nos trick tips pour le flat. Si vous \u00eates plus dans les sessions de mini rampe, vous devriez checker notre section trick tips pour la transition. Si vous voulez apprendre un peu plus de grinds, passez par les trick tips pour le curb et le rail.\r\n\t\t<\/p>\r\n\t\t\r\n\t\t<div class=\"medium-12 small-12 columns\">\r\n            <a title=\"voir tous les trick tips de skateboard pour transitions\" href=\"\/blog\/fr\/trick-tips\/skateboard\/transition\/\" class=\"button-auto\">Skateboard Trick Tips | Transition<\/a>\r\n            <br><br>\r\n            \r\n            <div class=\"medium-6 small-12 columns\">\r\n            <a title=\"voir tous les tricks tips de skateboard pour curb &#038; rail\" href=\"\/blog\/fr\/trick-tips\/skateboard\/curb-rail\/\" class=\"button-auto\">Skateboard Trick Tips | Curb &#038; Rail<\/a>\r\n            <br><br>\r\n            <\/div>\r\n            \r\n            <div class=\"medium-6 small-12 columns\">\r\n            <a title=\"voir tous les tricks tips de skateboard pour flat\" href=\"\/blog\/fr\/trick-tips\/skateboard\/flat\/\" class=\"button-auto\">Skateboard Trick Tips | Flat<\/a>\r\n            <br><br>\r\n            <\/div>\r\n\t\t\t\r\n\t\t<\/div>\r\n\t\t\r\n\t<\/div>\r\n<\/div>\r\n<div class=\"ShariffSC\" style=\"shariff-shop\"><div class=\"shariff\" data-url=\"https:\/\/www.skatedeluxe.com\/blog\/fr\/trick-tips\/skateboard\/transition\/blunt-to-fakie\/\" data-title=\"Blunt to Fakie &#8211; Skateboard Trick Tip\" data-services='[\"facebooklike\", \"facebook\"]' data-backend-url='\/shariff\/'><\/div><\/div>","protected":false},"excerpt":{"rendered":"<p>Trick Tip Blunt to Fakie Le Blunt to Fakie est un trick de quarter pipe certainement plus avanc\u00e9 o\u00f9 vous avez besoin de beaucoup de contr\u00f4le de board. C&#8217;est une bonne aide d\u2019avoir d\u00e9j\u00e0 v\u00e9rouill\u00e9 le Pivot to Fakie ou au moins vous devriez avoir essay\u00e9 Blunt Stall sur un petit curb. En plus de <a class=\"read-more\" href=\"https:\/\/www.skatedeluxe.com\/blog\/fr\/trick-tips\/skateboard\/transition\/blunt-to-fakie\/\">[&#8230;]<\/a><\/p>\n","protected":false},"author":24,"featured_media":120720,"parent":129895,"menu_order":16,"comment_status":"open","ping_status":"closed","template":"page-templates\/teasing-page.php","meta":{"footnotes":""},"class_list":["post-130903","page","type-page","status-publish","has-post-thumbnail","hentry"],"aioseo_notices":[],"amp_enabled":false,"_links":{"self":[{"href":"https:\/\/www.skatedeluxe.com\/blog\/fr\/wp-json\/wp\/v2\/pages\/130903","targetHints":{"allow":["GET"]}}],"collection":[{"href":"https:\/\/www.skatedeluxe.com\/blog\/fr\/wp-json\/wp\/v2\/pages"}],"about":[{"href":"https:\/\/www.skatedeluxe.com\/blog\/fr\/wp-json\/wp\/v2\/types\/page"}],"author":[{"embeddable":true,"href":"https:\/\/www.skatedeluxe.com\/blog\/fr\/wp-json\/wp\/v2\/users\/24"}],"replies":[{"embeddable":true,"href":"https:\/\/www.skatedeluxe.com\/blog\/fr\/wp-json\/wp\/v2\/comments?post=130903"}],"version-history":[{"count":6,"href":"https:\/\/www.skatedeluxe.com\/blog\/fr\/wp-json\/wp\/v2\/pages\/130903\/revisions"}],"predecessor-version":[{"id":144104,"href":"https:\/\/www.skatedeluxe.com\/blog\/fr\/wp-json\/wp\/v2\/pages\/130903\/revisions\/144104"}],"up":[{"embeddable":true,"href":"https:\/\/www.skatedeluxe.com\/blog\/fr\/wp-json\/wp\/v2\/pages\/129895"}],"wp:featuredmedia":[{"embeddable":true,"href":"https:\/\/www.skatedeluxe.com\/blog\/fr\/wp-json\/wp\/v2\/media\/120720"}],"wp:attachment":[{"href":"https:\/\/www.skatedeluxe.com\/blog\/fr\/wp-json\/wp\/v2\/media?parent=130903"}],"curies":[{"name":"wp","href":"https:\/\/api.w.org\/{rel}","templated":true}]}}