{"id":147872,"date":"2019-04-10T10:21:54","date_gmt":"2019-04-10T08:21:54","guid":{"rendered":"https:\/\/admin.skatedeluxe.com\/blog\/?page_id=147872"},"modified":"2019-04-10T14:00:04","modified_gmt":"2019-04-10T12:00:04","slug":"flatrail","status":"publish","type":"page","link":"https:\/\/www.skatedeluxe.com\/blog\/fr\/wiki\/skateboarding\/obstacle-guide\/flatrail\/","title":{"rendered":"Flatrail"},"content":{"rendered":"<div class=\"post clearfix\">\r\n    <div class=\"large-2 columns\" id=\"Flatrail\">\r\n        <div class=\"small-8 medium-2 large-12 columns small-centered\">\r\n             \n\t<style type=\"text\/css\">\n\t#round-hover-content-1 {\n\t\tbackground-image: url(\"\/blog\/wp-content\/uploads\/2015\/06\/flatrail-icon.jpg\");\n\t\tbackground-repeat: no-repeat;\n\t\tbackground-size: cover;\n\t}\n\t<\/style>\n\t<div class=\"round-hover-container\">\n\t\t<a class=\"round-hover clearfix\" href=\"#\">\n\t\t\t<span id=\"round-hover-content-1\" class=\"round-hover-content clearfix\">\n\t\t\t<\/span>\n\t\t<\/a>\n\t<\/div>\n\t\r\n        <\/div>\r\n        <div class=\"date-day top-bordered\">Flatrail<\/div>\r\n        <div class=\"date-month\">Obstacle Guide<\/div>\r\n    <\/div>\r\n    <div class=\"large-10 columns\">\r\n\r\n\r\n        <p align=\"center\">Un flat rail (rail plat) est un poteau m\u00e9tallique qui repose horizontalement sur le sol.<\/p>\r\n\r\n        <div class=\"row\">\r\n            <div class=\"medium-10 medium-offset-1 columns\" style=\"margin-bottom: 1em;\">\r\n                <img decoding=\"async\" src=\"\/blog\/wp-content\/uploads\/2018\/07\/obstacle-guide-flatrail-ben-dillinger.jpg\" alt=\"Flatrail Skateboarding\" title=\"Flatrail Skateboarding\">\r\n                <p align=\"center\"><small>Ben Dillinger FS Feeble<\/small><\/p>\r\n            <\/div>\r\n        <\/div>\r\n\r\n        <p>\r\n            Dans de nombreux skate parks, vous trouverez des rails plats avec diff\u00e9rentes hauteurs et longueurs. Il existe \u00e0 la fois des variations rondes et carr\u00e9es, ainsi que courb\u00e9s ou avec un kink.\r\n        <\/p>\r\n\r\n        <p>\r\n            Vous pouvez faire toutes les tricks <a href=\"\/blog\/en\/trick-tips\/skateboard\/curb-rail\/\" title=\"rail trick tips\" target=\"blank\">de grinds et slides<\/a> sur un rail plat. Il est cependant beaucoup plus difficile de trouver l\u2019\u00e9quilibre sur une petite barre m\u00e9tallique que sur un curb.\r\n        <\/p>\r\n\r\n        <div class=\"row\">\r\n            <div class=\"medium-6 columns\">\r\n\r\n                <h2 style=\"margin-bottom:1em;\">MEILLEURS TRICKS \u00c0 ESSAYER:<\/h2>\r\n\r\n                <p>Le <a href=\"\/blog\/fr\/trick-tips\/skateboard\/curb-rail\/bs-boardslide\/\" title=\"Trick Tip BS Boardslide\" target=\"blank\">BS Boardslide<\/a> est un trick styl\u00e9 \u00e0 pratiquer facilement dans le park. Les autres tricks \u00e0 pratiquer sur un rail sont le <a href=\"\/blog\/fr\/trick-tips\/skateboard\/curb-rail\/bs-noseslide\/\" title=\"Trick Tip BS Noseslide\" target=\"blank\">BS Noseslide<\/a> et le <a href=\"\/blog\/fr\/trick-tips\/skateboard\/curb-rail\/fs-lipslide\/\" title=\"Trick Tip FS Lipslide\" target=\"blank\">FS Lipslide<\/a>. Ces vid\u00e9os vous montreront comment fonctionnent ces tricks:<\/p> \r\n\r\n            <\/div>\r\n\r\n            <div class=\"medium-6 columns\">\r\n                <div class=\"blog-slides\">   \r\n                    <div>   \r\n                        <div class=\"medium-centered columns\">\r\n                            <div class=\"flex-video\">\r\n                                <iframe width=\"560\" height=\"315\" data-src=\"https:\/\/www.youtube-nocookie.com\/embed\/3RDcEGZk8m4\" frameborder=\"0\" allow=\"accelerometer; autoplay; encrypted-media; gyroscope; picture-in-picture\" allowfullscreen><\/iframe><noscript><iframe loading=\"lazy\" width=\"560\" height=\"315\" src=\"https:\/\/www.youtube-nocookie.com\/embed\/3RDcEGZk8m4\" frameborder=\"0\" allow=\"accelerometer; autoplay; encrypted-media; gyroscope; picture-in-picture\" allowfullscreen><\/iframe><\/noscript>                            <\/div>      \r\n                        <\/div>                    \r\n                    <\/div>\r\n\r\n                    <div>   \r\n                        <div class=\"medium-centered columns\">\r\n                            <div class=\"flex-video\">\r\n                                <iframe width=\"560\" height=\"315\" data-src=\"https:\/\/www.youtube-nocookie.com\/embed\/C4WKVbBRbAg\" frameborder=\"0\" allow=\"accelerometer; autoplay; encrypted-media; gyroscope; picture-in-picture\" allowfullscreen><\/iframe><noscript><iframe loading=\"lazy\" width=\"560\" height=\"315\" src=\"https:\/\/www.youtube-nocookie.com\/embed\/C4WKVbBRbAg\" frameborder=\"0\" allow=\"accelerometer; autoplay; encrypted-media; gyroscope; picture-in-picture\" allowfullscreen><\/iframe><\/noscript>\r\n                            <\/div>      \r\n                        <\/div>                    \r\n                    <\/div>\r\n\r\n                    <div>   \r\n                        <div class=\"medium-centered columns\">\r\n                            <div class=\"flex-video\">\r\n                                <iframe width=\"560\" height=\"315\" data-src=\"https:\/\/www.youtube-nocookie.com\/embed\/2AIl1tFSEqI\" frameborder=\"0\" allow=\"accelerometer; autoplay; encrypted-media; gyroscope; picture-in-picture\" allowfullscreen><\/iframe><noscript><iframe loading=\"lazy\" width=\"560\" height=\"315\" src=\"https:\/\/www.youtube-nocookie.com\/embed\/2AIl1tFSEqI\" frameborder=\"0\" allow=\"accelerometer; autoplay; encrypted-media; gyroscope; picture-in-picture\" allowfullscreen><\/iframe><\/noscript>\r\n                            <\/div>      \r\n                        <\/div>                    \r\n                    <\/div>\r\n\r\n                <\/div>\r\n            <\/div>\r\n        <\/div>\r\n\r\n\r\n\r\n        <div class=\"row\">\r\n            <div class=\"medium-6 columns\">\r\n\r\n                <h2 style=\"margin-bottom:1em;\">SPOTS C\u00c9L\u00c9BRES:<\/h2>\r\n\r\n                <ul>\r\n                    <li>De Prim Flatbars &#8211; Barcelona<\/li>\r\n                    <li>Up Rails &#8211; New York<\/li>\r\n                <\/ul>\r\n\r\n\r\n            <\/div>\r\n\r\n            <div class=\"medium-6 columns\">\r\n\r\n                <h2 style=\"margin-bottom:1em;\">RIDERS QUALIFI\u00c9S:<\/h2>\r\n\r\n                <ul>\r\n                    <li>Nyjah Huston<\/li> \r\n                    <li>Torey Pudwill<\/li>\r\n                    <li>Michael Pulizzi<\/li>\r\n                <\/ul>\r\n\r\n\r\n            <\/div>\r\n        <\/div>\r\n\r\n        <div class=\"row\">\r\n\r\n            <div class=\"medium-6 columns\">\r\n                <a style=\"margin-bottom:1em; margin-top: 1em;\" title=\"Voir toutes trick tips de Rail\" href=\"\/blog\/fr\/trick-tips\/skateboard\/curb-rail\/\" class=\"button-auto\">Voir toutes trick tips de Rail<\/a>\r\n            <\/div>\r\n\r\n            <div class=\"medium-6 columns\">\r\n                <a style=\"margin-bottom:1em; margin-top:1em;\" title=\"Voir tous les obstacles\" href=\"\/blog\/fr\/wiki\/skateboarding\/obstacle-guide\/\" class=\"button-auto\">Voir tous les obstacles<\/a>\r\n            <\/div>\r\n        <\/div>\r\n    <\/div>        \r\n\r\n<\/div>\r\n\r\n<style type=\"text\/css\">\r\n\r\n.slick-list,.slick-slider,.slick-track{position:relative;display:block}.slick-loading .slick-slide,.slick-loading .slick-track{visibility:hidden}.slick-dots li button,.slick-dots li button:focus,.slick-list:focus,.slick-next:focus,.slick-prev:focus{outline:0}.slick-dots li button:before,.slick-next:before,.slick-prev:before{font-family:slick;-webkit-font-smoothing:antialiased;-moz-osx-font-smoothing:grayscale}.slick-slider{box-sizing:border-box;-moz-box-sizing:border-box;-webkit-touch-callout:none;-webkit-user-select:none;-khtml-user-select:none;-moz-user-select:none;-ms-user-select:none;user-select:none;-ms-touch-action:none;touch-action:none;-webkit-tap-highlight-color:transparent}.slick-list{overflow:hidden;margin:0;padding:0}.slick-loading .slick-list{background:url(ajax-loader.gif) center center no-repeat #fff}.slick-list.dragging{cursor:pointer;cursor:hand}.slick-slide,.slick-slide img,.slick-slider .slick-list,.slick-track{-webkit-transform:translate3d(0,0,0);-moz-transform:translate3d(0,0,0);-ms-transform:translate3d(0,0,0);-o-transform:translate3d(0,0,0);transform:translate3d(0,0,0)}.slick-track{left:0;top:0;zoom:1}.slick-track:after,.slick-track:before{content:\"\";display:table}.slick-track:after{clear:both}.slick-slide{float:left;height:100%;min-height:1px;display:none}.slick-slide img{display:block}.slick-slide.slick-loading img{display:none}.slick-slide.dragging img{pointer-events:none}.slick-initialized .slick-slide{display:block}.slick-vertical .slick-slide{display:block;height:auto;border:1px solid transparent}@font-face{font-family:slick;src:url(fonts\/slick.eot);src:url(fonts\/slick.eot?#iefix) format(\"embedded-opentype\"),url(fonts\/slick.woff) format(\"woff\"),url(fonts\/slick.ttf) format(\"truetype\"),url(fonts\/slick.svg#slick) format(\"svg\");font-weight:400;font-style:normal}.slick-next,.slick-prev{position:absolute;display:block;height:20px;width:20px;line-height:0;font-size:0;cursor:pointer;background:0 0;color:transparent;top:50%;margin-top:-10px;padding:0;border:none;outline:0}.slick-next.slick-disabled:before,.slick-prev.slick-disabled:before{opacity:.25}.slick-next:before,.slick-prev:before{font-size:20px;line-height:1;color:#fff;opacity:.85}.slick-prev{left:-25px}.slick-prev:before{content:\"\\2190\"}.slick-next{right:-25px}.slick-next:before{content:\"\\2192\"}.slick-slider{margin-bottom:30px}.slick-dots{position:absolute;bottom:-45px;list-style:none;display:block;text-align:center;padding:0;width:100%}.slick-dots li{position:relative;display:inline-block;height:20px;width:20px;margin:0 5px;padding:0;cursor:pointer}.slick-dots li button{border:0;background:0 0;display:block;height:20px;width:20px;line-height:0;font-size:0;color:transparent;padding:5px;cursor:pointer}.slick-dots li button:before{position:absolute;top:0;left:0;content:\"\\2022\";width:20px;height:20px;font-size:6px;line-height:20px;text-align:center;color:#000;opacity:.25}.slick-dots li.slick-active button:before{opacity:.75}\r\n.blog-slides div div h5{\r\n    margin-top: 10px !important;\r\n}\r\n\r\n\r\n\r\n.slick-prev:before, .slick-next:before {\r\n    font-size: 20px;\r\n    line-height: 1;\r\n    color: #1B272C;\r\n    opacity: 0.85;\r\n    -moz-osx-font-smoothing: grayscale;\r\n    font-family: \"fontello\";\r\n}\r\n\r\n.slick-next:before {\r\n    content: \"\\e801\";\r\n}\r\n\r\n.slick-prev:before {\r\n    content: \"\\e800\";\r\n}\r\n\r\n.slick-prev {\r\n    left:0;\r\n}\r\n\r\n.slick-next {\r\n    right:0;\r\n}\r\n\r\n.slick-prev:hover, .slick-next:hover {\r\n    background-color: transparent;\r\n}\r\n<\/style>\r\n\r\n<script type=\"text\/javascript\" src=\"\/images\/content\/10YeahsContent\/gewinnspiel\/slick\/slick.min.js\"><\/script>\r\n<script type=\"text\/javascript\">\r\n    jQuery(document).ready(function($){\r\n\r\n\r\n\r\n        $('.blog-slides').slick({\r\n            dots:false,\r\n            infinite:true,\r\n            slidesToShow: 1,\r\n            slidesToScroll: 1,\r\n            autoplay:false,\r\n            autoplaySpeed: 4000,\r\n            responsive: [\r\n            {\r\n                breakpoint: 1024,\r\n                settings: {\r\n                    slidesToShow: 1,\r\n                    slidesToScroll: 1,\r\n                }\r\n            },\r\n            {\r\n                breakpoint: 1700,\r\n                settings: {\r\n                    slidesToShow: 1,\r\n                    slidesToScroll: 1,\r\n                }\r\n            }\r\n            ]\r\n        });\r\n    });\r\n<\/script><div class=\"ShariffSC\" style=\"shariff-shop\"><div class=\"shariff\" data-url=\"https:\/\/www.skatedeluxe.com\/blog\/fr\/wiki\/skateboarding\/obstacle-guide\/flatrail\/\" data-title=\"Flatrail\" data-services='[\"facebooklike\", \"facebook\"]' data-backend-url='\/shariff\/'><\/div><\/div>","protected":false},"excerpt":{"rendered":"<p>Flatrail Obstacle Guide Un flat rail (rail plat) est un poteau m\u00e9tallique qui repose horizontalement sur le sol. Ben Dillinger FS Feeble Dans de nombreux skate parks, vous trouverez des rails plats avec diff\u00e9rentes hauteurs et longueurs. Il existe \u00e0 la fois des variations rondes et carr\u00e9es, ainsi que courb\u00e9s ou avec un kink. Vous <a class=\"read-more\" href=\"https:\/\/www.skatedeluxe.com\/blog\/fr\/wiki\/skateboarding\/obstacle-guide\/flatrail\/\">[&#8230;]<\/a><\/p>\n","protected":false},"author":60,"featured_media":145054,"parent":147859,"menu_order":4,"comment_status":"closed","ping_status":"closed","template":"page-templates\/teasing-page.php","meta":{"footnotes":""},"class_list":["post-147872","page","type-page","status-publish","has-post-thumbnail","hentry"],"aioseo_notices":[],"amp_enabled":false,"_links":{"self":[{"href":"https:\/\/www.skatedeluxe.com\/blog\/fr\/wp-json\/wp\/v2\/pages\/147872","targetHints":{"allow":["GET"]}}],"collection":[{"href":"https:\/\/www.skatedeluxe.com\/blog\/fr\/wp-json\/wp\/v2\/pages"}],"about":[{"href":"https:\/\/www.skatedeluxe.com\/blog\/fr\/wp-json\/wp\/v2\/types\/page"}],"author":[{"embeddable":true,"href":"https:\/\/www.skatedeluxe.com\/blog\/fr\/wp-json\/wp\/v2\/users\/60"}],"replies":[{"embeddable":true,"href":"https:\/\/www.skatedeluxe.com\/blog\/fr\/wp-json\/wp\/v2\/comments?post=147872"}],"version-history":[{"count":3,"href":"https:\/\/www.skatedeluxe.com\/blog\/fr\/wp-json\/wp\/v2\/pages\/147872\/revisions"}],"predecessor-version":[{"id":147913,"href":"https:\/\/www.skatedeluxe.com\/blog\/fr\/wp-json\/wp\/v2\/pages\/147872\/revisions\/147913"}],"up":[{"embeddable":true,"href":"https:\/\/www.skatedeluxe.com\/blog\/fr\/wp-json\/wp\/v2\/pages\/147859"}],"wp:featuredmedia":[{"embeddable":true,"href":"https:\/\/www.skatedeluxe.com\/blog\/fr\/wp-json\/wp\/v2\/media\/145054"}],"wp:attachment":[{"href":"https:\/\/www.skatedeluxe.com\/blog\/fr\/wp-json\/wp\/v2\/media?parent=147872"}],"curies":[{"name":"wp","href":"https:\/\/api.w.org\/{rel}","templated":true}]}}